{"id":744,"date":"2022-05-29T17:30:00","date_gmt":"2022-05-29T15:30:00","guid":{"rendered":"http:\/\/www.kargowa-kajaki.pl\/?page_id=744"},"modified":"2025-03-14T22:44:49","modified_gmt":"2025-03-14T20:44:49","slug":"propozycje-tras-kajakowych","status":"publish","type":"page","link":"https:\/\/www.kargowa-kajaki.pl\/?page_id=744","title":{"rendered":"Propozycje tras kajakowych"},"content":{"rendered":"<p style=\"margin-bottom: 0cm;\"><strong>Sp\u0142ywy 1- dniowe<\/strong><\/p>\n<p style=\"margin-bottom: 0cm;\">Sp\u0142yw Obrzyc\u0105<\/p>\n<p style=\"margin-bottom: 0cm;\"><strong>1. Trasa kr\u00f3tka \u2013 11 km (3 \u2013 4 godz. p\u0142yni\u0119cia)<\/strong><\/p>\n<p style=\"margin-bottom: 0cm;\"><strong>Szlak: U\u015bcie (pla\u017ca) \u2013 Kargowa (teren rekreacyjny) <\/strong><\/p>\n<p style=\"margin-bottom: 0cm;\">Propozycja dla pocz\u0105tkuj\u0105cych kajakarzy i dla organizator\u00f3w sp\u0142yw\u00f3w firmowych. Szlak \u0142atwy, malowniczy, praktycznie bez przeszk\u00f3d. Z czyst\u0105 wod\u0105 zach\u0119caj\u0105c\u0105 do k\u0105pieli. Sp\u0142yw rozpoczynamy na pla\u017cy przy polu biwakowym w U\u015bciu, na kt\u00f3rym funkcjonuje bar gastronomiczny. P\u0142yniemy 200 m w prawo wzd\u0142u\u017c\u00a0 brzegu j. Orchowego do szerokiego na 20 m wyp\u0142ywu Obrzycy. P\u0142yniemy po wodzie stoj\u0105cej a\u017c do jazu na ko\u0144cu U\u015bcia. Po drodze przep\u0142ywamy pod drewnianym mostem \u0142\u0105cz\u0105cym miejscowo\u015bci Tatarki z U\u015bciem. Przed nami 3 km odcinek o charakterze \u0142\u0105kowym (liczne zakr\u0119ty &#8211; meandry). Rzeka p\u0142ynie szerok\u0105 dolin\u0105 z \u0142adnym widokiem na wie\u015b U\u015bcie, ulokowan\u0105 wzd\u0142u\u017c prawego brzegu Obrzycy. Dop\u0142ywamy do betonowego mostu na drodze gminnej U\u015bcie \u2013 Karszyn, by po 200 m dop\u0142yn\u0105\u0107 do jazu. Obowi\u0105zkowo zatrzymujemy si\u0119 w zatoczce z lewej strony 50 m przed jazem, by sprawdzi\u0107 r\u00f3\u017cnic\u0119 poziom\u00f3w. Je\u017celi nie przekracza 50 cm, mo\u017cna sp\u0142yn\u0105\u0107 ale\u00a0 jedna osoba w kajaku. Przy wi\u0119kszej r\u00f3\u017cnicy poziom\u00f3w kajaki obowi\u0105zkowo przenie\u015b\u0107 za jaz. Za jazem 2 d\u0142ugie, proste odcinki ale rzeka niebawem zmienia charakter wp\u0142ywaj\u0105c w obszary le\u015bne. Rzeka zn\u00f3w meandruje. Po 2 km, po prawej stronie tablica upami\u0119tniaj\u0105ca sp\u0142yw Karola Wojty\u0142y w 1960 r. Obok tablicy za zastawk\u0105 znajduje si\u0119 Kana\u0142 D\u017awi\u0144ski, kt\u00f3ry obecnie jest ca\u0142kowicie zaro\u015bni\u0119ty. Wyp\u0142ywaj\u0105c z lasu po prawej zobaczymy wie\u017c\u0119 ratusza i ko\u015bcio\u0142\u00f3w w Kargowej. To znak, \u017ce niebawem koniec sp\u0142ywu. Mijaj\u0105c most na drodze z Kargowej do Karszyna sp\u0142yw ko\u0144czymy przy pomo\u015bcie na przystani kajakowej w Kargowej. Mo\u017cna tam rozpali\u0107 ognisko a w stanicy wodnej zam\u00f3wi\u0107 gor\u0105cy posi\u0142ek.<\/p>\n<p style=\"margin-bottom: 0cm;\">Koszt wypo\u017cyczenia kajaka <strong>80-90 z\u0142\/dzie\u0144 z dowozem.<br \/>\n<\/strong><\/p>\n<p lang=\"zxx\">2. Trasa kr\u00f3tka &#8222;Na ryby&#8221; \u2013 8 km (2-3 godz. p\u0142yni\u0119cia)<\/p>\n<p lang=\"zxx\">Propozycja dla pocz\u0105tkuj\u0105cych kajakarzy i dla organizator\u00f3w sp\u0142yw\u00f3w firmowych. Szlak \u0142atwy, malowniczy, praktycznie bez przeszk\u00f3d. Latem jedynym utrudnieniem w p\u0142yni\u0119ciu mo\u017ce stanowi\u0107 ro\u015blinno\u015b\u0107 wodna. Z czyst\u0105 wod\u0105 zach\u0119caj\u0105c\u0105 do k\u0105pieli. Sp\u0142yw rozpoczynamy na pla\u017cy terenu rekreacyjnego w Kargowej (Kargowska Copacabana). Po 500 m przep\u0142ywamy pod prz\u0119s\u0142em jazu i mijamy most drogowy na trasie Kargowa \u2013 Klenica. Kolejny most nieistniej\u0105cej linii kolejowej i niebawem po prawej stronie pojawiaj\u0105 si\u0119 zabudowania wsi Chwalim. Mijamy most betonowy, jaz i most drewniany, za kt\u00f3rym wie\u015b si\u0119 ko\u0144czy. Rzeka meandruje p\u0142yn\u0105c w\u015br\u00f3d \u0142\u0105k, po prawej las. Ko\u0144czy si\u0119 las i niebawem po prawej stronie na zakolu rzeki pojawia si\u0119 uj\u015bcie Obry Leniwej. Wp\u0142ywamy pod pr\u0105d, kt\u00f3ry jest ledwo dostrzegalny. Rzeczka lekko meandruje w\u015br\u00f3d trzcin i \u0142\u0105k. Dop\u0142ywamy do mostu drogowego Wojnowo \u2013 Stare Kramsko a za nim po prawej gospodarstwo rybackie\u00a0 &#8222;Rybacka chata&#8221; z lokalnymi specja\u0142ami z ryb s\u0142odkowodnych (bar i sklep). Uwaga! Zakaz wp\u0142ywania na teren gospodarstwa.\u00a0 P\u0142yniemy dalej w kierunku jazu spi\u0119trzaj\u0105cego wody Jeziora Wojnowskiego. Przenosimy kajaki z lewej strony i po chwili wp\u0142ywamy na jezioro Wojnowskie. P\u0142yniemy przy prawym brzegu, mijaj\u0105c pa\u0142ac (sanatorium dla dzieci) i skr\u0119camy w prawo docieraj\u0105c do pomostu przy pla\u017cy. Tu ko\u0144czymy sp\u0142yw.<\/p>\n<p lang=\"zxx\"><strong>Koszt wypo\u017cyczenia kajaka z dowozem 80-90 z\u0142\/dzie\u0144 z dowozem<br \/>\n<\/strong><\/p>\n<p style=\"margin-bottom: 0cm;\"><strong>3. Trasa \u015brednia \u2013 14 km (4-5 godz. p\u0142yni\u0119cia)<\/strong><\/p>\n<p style=\"margin-bottom: 0cm;\"><strong>Szlak: J.Wilcze (pla\u017ca przy Wikliniance) \u2013 J.Orchowe(Rudno) \u2013 Kargowa<\/strong><\/p>\n<p style=\"margin-bottom: 0cm; font-weight: normal;\">Propozycja szlaku dla kajakarzy, kt\u00f3rzy lubi\u0105 przedziera\u0107 si\u0119 przez krzaki, trzciny , przeciska\u0107 si\u0119 pod drzewami, przeci\u0105ga\u0107 kajak przez tam\u0119 bobrow\u0105. To tylko namiastka dzikiej rzeki w wersji mikro ale wra\u017ce\u0144 sporo. Propozycja dla ma\u0142ych, zgranych grup. Przy wi\u0119kszych grupach zalecamy us\u0142ug\u0119 instruktora.<\/p>\n<p style=\"margin-bottom: 0cm; font-weight: normal;\">Sp\u0142yw zaczynamy na pla\u017cy przy barze Wiklinianka. P\u0142yniemy w kierunku wschodnim kieruj\u0105c si\u0119 do wyp\u0142ywu cieku \u0142\u0105cz\u0105cego J.Wilcze z J. Orchowym. Na pocz\u0105tek drewniany mostek, pod kt\u00f3rym przep\u0142ywamy chowaj\u0105c si\u0119 w kajaku lub przenosimy. Za mostkiem zaczyna si\u0119 dziki, pe\u0142ny niespodzianek odcinek szlaku. W\u0105sko, p\u0142ytko, ostre zakr\u0119ty, ga\u0142\u0119zie wierzby szarej zanurzone w wodzie, \u015blady dzia\u0142alno\u015bci bobr\u00f3w a na koniec g\u0119ste trzcinowisko. Po pokonaniu zaledwie 500 m odcinka wielka ulga po wp\u0142yni\u0119ciu na d\u0142ug\u0105 zatok\u0119 j. Orchowego. P\u0142yniemy przy prawym brzegu do pla\u017cy w U\u015bciu. Tam konieczna przerwa na zas\u0142u\u017cony odpoczynek i dalej p\u0142yniemy jak w trasie nr 1.<\/p>\n<p style=\"margin-bottom: 0cm;\"><span style=\"font-weight: normal;\"> Koszt wypo\u017cyczenia kajaka<\/span><strong> 80-90 z\u0142\/dzie\u0144 z dowozem<br \/>\n<\/strong><\/p>\n<p style=\"margin-bottom: 0cm;\"><strong>4. Trasa \u015brednio d\u0142uga \u2013 17 km (4-6 godz. p\u0142yni\u0119cia)<\/strong><\/p>\n<p style=\"margin-bottom: 0cm;\"><strong>Szlak: \u015awi\u0119tno (parking bar groch\u00f3wka) \u2013 j. Orchowe \u2013 Kargowa.<\/strong><\/p>\n<p style=\"margin-bottom: 0cm; font-weight: normal;\">Propozycja dla \u015brednich i du\u017cych grup. Szlak \u0142atwy i malowniczy. Do pokonania 3\/4 J. Orchowego.<\/p>\n<p style=\"margin-bottom: 0cm;\"><span style=\"font-weight: normal;\">Sp\u0142yw zaczynamy przy parkingu na drodze wojew\u00f3dzkiej Wolsztyn \u2013 Nowa S\u00f3l w okolicach \u015awi\u0119tna na Po\u0142udniowym Kanale Obry. Na parkingu funkcjonuje bar ze \u015bwietn\u0105 groch\u00f3wk\u0105 i flaczkami. Kajaki sp\u0142awiamy przed mostem. Jesieni\u0105 2013 r. kana\u0142 zosta\u0142 zmeliorowany i utraci\u0142 sw\u00f3j naturalny charakter. Strome dot\u0105d brzegi zosta\u0142y sp\u0142aszczone i wzmocnione faszyn\u0105. Poniewa\u017c kana\u0142 p\u0142ynie przez du\u017cy kompleks le\u015bny nie utraci\u0142 swojego klimatu, kajakarze nie napotkaj\u0105 zator\u00f3w z ro\u015blinno\u015bci wodnej. Na odcinku do J. Orchowego miniemy most kolejowy (teraz \u015bwietnie wyeksponowany) na dawnej linii kolejowej Wolsztyn \u2013 Nowa S\u00f3l, betonowy most na lokalnej drodze z \u015awi\u0119tna do Rudna, pozosta\u0142o\u015bci po przedwojennym jazie (przy niskim stanie wody koniecznie przeci\u0105ga\u0107 kajaki!) oraz nowy jaz przed miejscowo\u015bci\u0105 Rudno( w przypadku spi\u0119trzenia wody kajaki przenosimy z lewej strony). Wp\u0142ywaj\u0105c na jezioro kierujemy si\u0119 na po\u0142udnie w kierunku pla\u017cy w U\u015bciu. <\/span>P\u0142yniemy przy prawym brzegu jeziora do pla\u017cy w U\u015bciu i dalej\u00a0 jak w pkt. 1.<\/p>\n<p style=\"margin-bottom: 0cm;\"><span style=\"font-weight: normal;\"> Koszt wypo\u017cyczenia kajaka<\/span><strong> 80-90 z\u0142\/dzie\u0144.<\/strong><\/p>\n<p><strong>5.Trasa \u015brednia &#8211; bardzo \u0142atwa polecana dla rodzin z dzie\u0107mi z uwagi na miejsca do k\u0105pieli.<\/strong><\/p>\n<p>Szlak: Kargowa &#8211; Podleg\u00f3rz (14 km, 4-5 godzin p\u0142yni\u0119cia)<\/p>\n<p>Sp\u0142yw zaczynamy na pla\u017cy w Kargowej (Kargowska Copacabana). Po przep\u0142yni\u0119ciu 500 m jaz przed mostem drogowym Kargowa -Klenica. W zale\u017cno\u015bci od stanu wody przenosimy praw\u0105 stron\u0105 za most drogowy lub sp\u0142ywamy. Mijamy most na zlikwidowanej linii kolejowej. Rzeka meandruje i niebawem pojawia si\u0119 miejscowo\u015b\u0107 Chwalim. Najpierw mijamy betonowy most, jaz i nast\u0119pnie most drewniany. Za Chwalimiem wp\u0142ywamy w szerok\u0105 dolin\u0119. Las si\u0119 oddala, wok\u00f3\u0142 \u0142\u0105ki, nurt leniwy. Przed Smolnem Wielkim najwi\u0119kszy dop\u0142yw Obrzycy \u2013 Leniwa Obra, kt\u00f3r\u0105 mo\u017cna dop\u0142yn\u0105\u0107 do Babimostu. Za Smolnem Wielkim przysta\u0144 kajakowa z miejscem na ognisko, boiskiem do pi\u0142ki pla\u017cowej i miejscem do k\u0105pieli. Po odpoczynku ok. 1,5 godz. do mety w Podleg\u00f3rzu. Na horyzoncie pojawia si\u0119 wzg\u00f3rze morenowe . Punktem orientacyjnym do zako\u0144czenia sp\u0142ywu b\u0119dzie ko\u015bci\u00f3\u0142 ze strzelist\u0105 wie\u017c\u0105 po\u0142o\u017cony na tym wzg\u00f3rzu. Sp\u0142yw ko\u0144czymy za mostem drogowym po prawej stronie .<\/p>\n<p>Koszt wypo\u017cyczenia kajaka<strong> 80-90 z\u0142\/dzie\u0144.<\/strong><\/p>\n<p style=\"margin-bottom: 0cm;\"><strong>5. Szlak rzeki Obra: Kopanica &#8211; Nowa Wie\u015b Zb\u0105ska (14 km, 4-5 godzin na wodzie)<\/strong><\/p>\n<p lang=\"zxx\">Opis szlaku<\/p>\n<p lang=\"zxx\">\n<p lang=\"zxx\">km 123 \u2013 pocz\u0105tek szlaku kajakowego w Kopanicy przy mo\u015bcie drogowym na drodze krajowej nr 32<\/p>\n<p lang=\"zxx\">km 121 \u2013 jaz w Ma\u0142ej Wsi. Przy zamkni\u0119tych zastawkach przenosimy z lewej korzystaj\u0105c z wygodnych pomost\u00f3w.<\/p>\n<p lang=\"zxx\">km 120 \u2013 kana\u0142 wp\u0142ywa na tzw. rozlewiska, kt\u00f3re s\u0105 cz\u0119\u015bci\u0105 j.Kopanickiego. Pod koniec lata bujna ro\u015blinno\u015b\u0107 stanowi powa\u017cne utrudnienie w przep\u0142yni\u0119ciu tego odcinka. Nale\u017cy szuka\u0107 tzw. &#8222;drogi wodnej&#8221; wytyczonej przez s\u0142aby nurt. Ten obszar jest prawdziwym rajem dla licznego ptactwa wodnego i w\u0119dkarzy.<\/p>\n<p lang=\"zxx\">km 118 \u2013 wp\u0142ywamy na j. Wielkowiejskie. Trzymamy si\u0119 prawej strony by za chwil\u0119 przesmykiem wp\u0142yn\u0105\u0107 na j.Chobienickie. Warto na chwil\u0119 odpoczynku zatrzyma\u0107 si\u0119 na wyspie dop\u0142ywaj\u0105c od strony zachodniej.<\/p>\n<p lang=\"zxx\">km 115 \u2013 na ko\u0144cu j. Gr\u00f3jeckiego po prawej dobre miejsce na biwak (pole biwakowe). Nieca\u0142y kilometr dalej wie\u015b Gr\u00f3jec Wielki do kt\u00f3rej dop\u0142ywamy kana\u0142em.\u00a0 Za mostem dobre miejsce na przystanek (pomost, wiaty turystyczne miejsce na ognisko).<\/p>\n<p lang=\"zxx\">km 110 \u2013 ostatni most drogowy przed Zb\u0105szyniem w miejscowo\u015bci Nowa Wie\u015b Zb\u0105ska. Wp\u0142ywamy w zatok\u0119 przed j. B\u0142\u0119dno (Zb\u0105szy\u0144skim). L\u0105dujemy z lewej na przeciw wiaty turystycznej. W g\u0142\u0119bi bar czynny w okresie wakacji.<\/p>\n<p lang=\"zxx\">Koszt wypo\u017cyczenia kajaka<strong> 80-90 z\u0142\/dzie\u0144.<\/strong><\/p>\n<p style=\"margin-bottom: 0cm;\">\n","protected":false},"excerpt":{"rendered":"<p>Sp\u0142ywy 1- dniowe Sp\u0142yw Obrzyc\u0105 1. Trasa kr\u00f3tka \u2013 11 km (3 \u2013 4 godz. p\u0142yni\u0119cia) Szlak: U\u015bcie (pla\u017ca) \u2013 Kargowa (teren rekreacyjny) Propozycja dla pocz\u0105tkuj\u0105cych kajakarzy i dla organizator\u00f3w sp\u0142yw\u00f3w firmowych. Szlak \u0142atwy, malowniczy, praktycznie bez przeszk\u00f3d. Z czyst\u0105 wod\u0105 zach\u0119caj\u0105c\u0105 do k\u0105pieli. Sp\u0142yw rozpoczynamy na pla\u017cy przy polu biwakowym w U\u015bciu, na kt\u00f3rym [&hellip;]<\/p>\n","protected":false},"author":1,"featured_media":0,"parent":7,"menu_order":9,"comment_status":"open","ping_status":"open","template":"","meta":{"ngg_post_thumbnail":0,"footnotes":""},"class_list":["post-744","page","type-page","status-publish","hentry"],"_links":{"self":[{"href":"https:\/\/www.kargowa-kajaki.pl\/index.php?rest_route=\/wp\/v2\/pages\/744","targetHints":{"allow":["GET"]}}],"collection":[{"href":"https:\/\/www.kargowa-kajaki.pl\/index.php?rest_route=\/wp\/v2\/pages"}],"about":[{"href":"https:\/\/www.kargowa-kajaki.pl\/index.php?rest_route=\/wp\/v2\/types\/page"}],"author":[{"embeddable":true,"href":"https:\/\/www.kargowa-kajaki.pl\/index.php?rest_route=\/wp\/v2\/users\/1"}],"replies":[{"embeddable":true,"href":"https:\/\/www.kargowa-kajaki.pl\/index.php?rest_route=%2Fwp%2Fv2%2Fcomments&post=744"}],"version-history":[{"count":14,"href":"https:\/\/www.kargowa-kajaki.pl\/index.php?rest_route=\/wp\/v2\/pages\/744\/revisions"}],"predecessor-version":[{"id":1147,"href":"https:\/\/www.kargowa-kajaki.pl\/index.php?rest_route=\/wp\/v2\/pages\/744\/revisions\/1147"}],"up":[{"embeddable":true,"href":"https:\/\/www.kargowa-kajaki.pl\/index.php?rest_route=\/wp\/v2\/pages\/7"}],"wp:attachment":[{"href":"https:\/\/www.kargowa-kajaki.pl\/index.php?rest_route=%2Fwp%2Fv2%2Fmedia&parent=744"}],"curies":[{"name":"wp","href":"https:\/\/api.w.org\/{rel}","templated":true}]}}