{"id":32,"date":"2009-05-22T21:36:03","date_gmt":"2009-05-22T19:36:03","guid":{"rendered":"http:\/\/www.kargus-kajaki.pl\/?page_id=32"},"modified":"2009-05-30T09:36:17","modified_gmt":"2009-05-30T07:36:17","slug":"mapa-dojazdu","status":"publish","type":"page","link":"https:\/\/www.kargowa-kajaki.pl\/?page_id=32","title":{"rendered":"mapa dojazdu"},"content":{"rendered":"<p><iframe loading=\"lazy\" width=\"425\" height=\"350\" frameborder=\"0\" scrolling=\"no\" marginheight=\"0\" marginwidth=\"0\" src=\"http:\/\/maps.google.com\/maps?f=d&amp;source=s_d&amp;saddr=&amp;daddr=&amp;hl=pl&amp;geocode=&amp;mra=mr&amp;ie=UTF8&amp;ll=52.088367,15.914383&amp;spn=0.147667,0.291824&amp;z=11&amp;output=embed\"><\/iframe><br \/><small><a href=\"http:\/\/maps.google.com\/maps?f=d&amp;source=embed&amp;saddr=&amp;daddr=&amp;hl=pl&amp;geocode=&amp;mra=mr&amp;ie=UTF8&amp;ll=52.088367,15.914383&amp;spn=0.147667,0.291824&amp;z=11\" style=\"color:#0000FF;text-align:left\">Wy\u015bwietl wi\u0119ksz\u0105 map\u0119<\/a><\/small><\/p>\n","protected":false},"excerpt":{"rendered":"<p>Wy\u015bwietl wi\u0119ksz\u0105 map\u0119<\/p>\n","protected":false},"author":1,"featured_media":0,"parent":0,"menu_order":5,"comment_status":"closed","ping_status":"closed","template":"","meta":{"ngg_post_thumbnail":0,"footnotes":""},"class_list":["post-32","page","type-page","status-publish","hentry"],"_links":{"self":[{"href":"https:\/\/www.kargowa-kajaki.pl\/index.php?rest_route=\/wp\/v2\/pages\/32","targetHints":{"allow":["GET"]}}],"collection":[{"href":"https:\/\/www.kargowa-kajaki.pl\/index.php?rest_route=\/wp\/v2\/pages"}],"about":[{"href":"https:\/\/www.kargowa-kajaki.pl\/index.php?rest_route=\/wp\/v2\/types\/page"}],"author":[{"embeddable":true,"href":"https:\/\/www.kargowa-kajaki.pl\/index.php?rest_route=\/wp\/v2\/users\/1"}],"replies":[{"embeddable":true,"href":"https:\/\/www.kargowa-kajaki.pl\/index.php?rest_route=%2Fwp%2Fv2%2Fcomments&post=32"}],"version-history":[{"count":4,"href":"https:\/\/www.kargowa-kajaki.pl\/index.php?rest_route=\/wp\/v2\/pages\/32\/revisions"}],"predecessor-version":[{"id":86,"href":"https:\/\/www.kargowa-kajaki.pl\/index.php?rest_route=\/wp\/v2\/pages\/32\/revisions\/86"}],"wp:attachment":[{"href":"https:\/\/www.kargowa-kajaki.pl\/index.php?rest_route=%2Fwp%2Fv2%2Fmedia&parent=32"}],"curies":[{"name":"wp","href":"https:\/\/api.w.org\/{rel}","templated":true}]}}