{"id":3,"date":"2026-01-02T12:40:00","date_gmt":"2026-01-02T10:40:00","guid":{"rendered":"http:\/\/www.kargus-kajaki.pl\/?page_id=3"},"modified":"2026-01-01T13:57:29","modified_gmt":"2026-01-01T11:57:29","slug":"oferta","status":"publish","type":"page","link":"https:\/\/www.kargowa-kajaki.pl\/?page_id=3","title":{"rendered":"oferta i cennik"},"content":{"rendered":"<p style=\"margin-bottom: 0cm; text-align: justify;\"><strong><span style=\"font-family: Verdana,Arial,Helvetica,sans-serif;\"><span style=\"font-size: x-small;\">&nbsp;<\/span><\/span><\/strong><\/p>\n<p>Do dyspozycji Pa\u0144stwa oddajemy dwuosobowe kajaki polietylenowe polskiej firmy ROTEKO z przestronnym kokpitem. Doskona\u0142e na jeziora i rzeki. Bardzo stabilne, zwrotne i dobrze utrzymuj\u0105ce kierunek spe\u0142ni\u0105 oczekiwania pocz\u0105tkuj\u0105cych jak i do\u015bwiadczonych kajakarzy. Na szczeg\u00f3ln\u0105 uwag\u0119 zas\u0142uguj\u0105 komfortowe fotele ze sk\u0142adanymi oparciami i miejscem na nap\u00f3j. Pomi\u0119dzy dwoma fotelami znajduje si\u0119 wygodne trzecie siedzenie dla dziecka z oparciem kt\u00f3re mo\u017cna ustawi\u0107 w trzech pozycjach. Wielostopniowe, wyprofilowane pod stopy podp\u00f3rki typu 'zig-zak&#8221; pozwalaj\u0105 na wygodne u\u0142o\u017cenie n\u00f3g ka\u017cdemu u\u017cytkownikowi. Cz\u0119\u015b\u0107 kajak\u00f3w posiada wodoszczelny luk baga\u017cowy.<\/p>\n<p><strong>Wyposa\u017cenie standardowe<\/strong><\/p>\n<p>&#8211; trwa\u0142e wielostopniowe podn\u00f3\u017cki (typu zigzak)<br \/>\n&#8211; olinowanie przednie &#8211; mapnik z elastycznych linek<br \/>\n&#8211; wymienna nak\u0142adka kila zabezpieczaj\u0105ca przed \u015bcieraniem<br \/>\n&#8211; zakr\u0119cany korek spustowy umo\u017cliwiaj\u0105cy usuni\u0119cie zgromadzonej w kajaku wody<br \/>\n&#8211; ergonomiczne, trwa\u0142e r\u0105czki do przenoszenia<\/p>\n<p>Ka\u017cdy kajak wyposa\u017cony jest w<strong> komplet kamizelek asekuracyjnych lub ratunkowych<\/strong> (dla dzieci) firmy &#8222;Aquarius&#8221;, <strong>polietylenowych<\/strong> wiose\u0142&nbsp; oraz wygodnych w<strong>odoodpornych siedzisk<\/strong>.<\/p>\n<p>CENNIK<strong> na 2026 ROK<br \/>\n<\/strong><\/p>\n<p><strong>WYPO\u017bYCZENIE KAJAK\u00d3W na 1 dzie\u0144 wraz z dowozem do 20 km liczone od stanicy wodnej w Kargowej ul Dolna 31. Cena zawiera umycie kajak\u00f3w przez wypo\u017cyczalni\u0119.<\/strong><\/p>\n<h3>4-9 kajak\u00f3w &#8211; 99,00 PLN\/kajak (z przewozem kajak\u00f3w &#8211; mo\u017cemy zabra\u0107 na 1 kurs max. 8 os\u00f3b do busa, przy konieczno\u015bci przewozu wi\u0119kszej ilo\u015bci os\u00f3b pobieramy dodatkow\u0105 op\u0142at\u0119 wg. poni\u017cszego cennika)<\/h3>\n<h3 style=\"margin-bottom: 0cm; text-align: justify;\">&nbsp;10 &#8211; 13 kajak\u00f3w &#8211; 89,00 PLN\/kajak<\/h3>\n<h3 style=\"margin-bottom: 0cm; text-align: justify;\">(z przewozem kajak\u00f3w i ewentualnie kierowc\u00f3w)<\/h3>\n<p>Podane ceny dla klient\u00f3w indywidualnych s\u0105 cenami brutto, dla czynnych p\u0142atnik\u00f3w VAT doliczamy podatek VAT w wysoko\u015bci 23% za wypo\u017cyczenie kajak\u00f3w i 8% za us\u0142ug\u0119 zakwaterowania.<\/p>\n<p>Uwaga. Istnieje mo\u017cliwo\u015b\u0107 wypo\u017cyczenia 1-3 kajak\u00f3w, w\u00f3wczas stawka wynosi 69,00 PLN\/za kajak plus dow\u00f3z przy stawce&nbsp; 3,0 PLN\/km (nie mniej ni\u017c 100,00 z\u0142 za kurs)<\/p>\n<p style=\"margin-bottom: 0cm; text-align: justify;\">Wypo\u017cyczaj\u0105cy na starcie&nbsp; otrzyma nieodp\u0142atnie 1 egz.&nbsp;&nbsp; mapy szlak\u00f3w kajakowych &#8222;Obrzyca i jej dop\u0142ywy&#8221; lub przewodnik &#8222;Szlaki kajakowe Pojezierza S\u0142awskiego&#8221;<\/p>\n<p style=\"margin-bottom: 0cm; text-align: justify;\">Do&nbsp; nabycia specjalne wodoszczelne etui na kom\u00f3rk\u0119 i dokumenty.<\/p>\n<p style=\"margin-bottom: 0cm; text-align: justify;\">Istnieje mo\u017cliwo\u015b\u0107 zam\u00f3wienia wy\u017cywienia w trakcie sp\u0142ywu lub na mecie oraz organizacji pikniku na koniec sp\u0142ywu w stanicy kajakowej przy ul Dolnej 31 w Kargowej.<\/p>\n<p style=\"margin-bottom: 0cm; text-align: justify;\">Polecamy pole biwakowe na terenie stanicy kajakowej w Kargowej (30,00 z\u0142\/osoba, dzieci do lat 7-gratis). Do dyspozycji biwakuj\u0105cych miejsce na ognisko, boisko do pi\u0142ki siatkowej, letnia kuchnia, toaleta i natrysk z ciep\u0142\u0105 wod\u0105. Dla dzieci atrakcja &#8211; woliera z miniaturowymi kr\u00f3likami.<\/p>\n<p style=\"margin-bottom: 0cm; text-align: justify;\">Istnieje tak\u017ce mo\u017cliwo\u015b\u0107 zorganizowania ogniska po sp\u0142ywie. Koszt &#8211; 15,00 z\u0142\/osoba. Dzieci do lat 7 &#8211; gratis. W cenie drewno na ognisko i gor\u0105ce napoje.<\/p>\n<p style=\"margin-bottom: 0cm; text-align: justify;\">Dla korzystaj\u0105cych ze sprz\u0119tu p\u0142ywaj\u0105cego i pola biwakowego parking dla samochod\u00f3w gratis.<\/p>\n<p style=\"margin-bottom: 0cm; text-align: justify;\">Istnieje ju\u017c mo\u017cliwo\u015b\u0107 zakwaterowania na bazie kajakowej przy ul. Dolnej 31. Dysponujemy 5 pokojami&nbsp; z dost\u0119pem do \u0142azienki oraz&nbsp; pokojem 2 osobowym z \u0142azienk\u0105. Mamy te\u017c mo\u017cliwo\u015b\u0107 &#8222;spania na sienie&#8221; dla 6 os\u00f3b.<\/p>\n<p>Uwaga. Dla os\u00f3b korzystaj\u0105cych z noclegu udzielamy 10 % rabatu na wypo\u017cyczenie kajak\u00f3w.<\/p>\n<p style=\"margin-bottom: 0cm; text-align: justify;\"><span style=\"font-family: Verdana,Arial,Helvetica,sans-serif;\"><span style=\"font-size: x-small;\"><strong>Op\u0142ata za instruktora-ratownika&nbsp; &#8211; 250,00 z\u0142\/dzie\u0144<br \/>\n<\/strong><\/span><\/span><\/p>\n<p style=\"margin-bottom: 0cm; text-align: justify;\"><span style=\"font-family: Verdana,Arial,Helvetica,sans-serif;\"><span style=\"font-size: x-small;\">Podane ceny s\u0105 cenami brutto.<\/span><\/span><\/p>\n<h2 style=\"page-break-before: always;\"><span style=\"font-family: Verdana,sans-serif;\"><span style=\"font-size: medium;\"><strong>REGULAMIN WYPO\u017bYCZALNI KAJAK\u00d3W <\/strong><\/span><\/span><\/h2>\n<p style=\"font-weight: normal;\"><span style=\"font-family: Verdana,sans-serif;\"><span style=\"font-size: medium;\">PW &#8222;Kargus&#8221; Kargowa<\/span><\/span><\/p>\n<ol>\n<li><span style=\"font-family: Verdana,sans-serif;\"><span style=\"font-size: x-small;\">Sprz\u0119t znajduj\u0105cy si\u0119 w Wypo\u017cyczalni firmy &#8222;Kargus&#8221; jest jej w\u0142asno\u015bci\u0105.<\/span><\/span><\/li>\n<li><span style=\"font-family: Verdana,sans-serif;\"><span style=\"font-size: x-small;\">Firma &#8222;Kargus&#8221; nie organizuje sp\u0142yw\u00f3w kajakowych, udost\u0119pnia i wypo\u017cycza jedynie kajaki na sp\u0142ywy. Organizatorem sp\u0142ywu jest osoba b\u0119d\u0105ca stron\u0105 umowy wypo\u017cyczenia kajak\u00f3w.<\/span><\/span><\/li>\n<li><span style=\"font-family: Verdana,sans-serif;\"><span style=\"font-size: x-small;\">Kajaki mo\u017ce wypo\u017cycza\u0107 osoba pe\u0142noletnia, posiadaj\u0105ca dow\u00f3d to\u017csamo\u015bci (dow\u00f3d osobisty lub prawo jazdy).<\/span><\/span><\/li>\n<li><span style=\"font-family: Verdana,sans-serif;\"><span style=\"font-size: x-small;\">Kajaki mog\u0105 by\u0107 dowiezione na miejsce rozpocz\u0119cia i odebrane z miejsca zako\u0144czenia sp\u0142ywu wy\u0142\u0105cznie transportem Wypo\u017cyczalni.<\/span><\/span><\/li>\n<li><span style=\"font-family: Verdana,sans-serif;\"><span style=\"font-size: x-small;\">Wypo\u017cyczalnia zastrzega sobie prawo odmowy wydania sprz\u0119tu w przypadku zauwa\u017cenia, \u017ce uczestnicy sp\u0142ywu znajduj\u0105 si\u0119 pod wp\u0142ywem alkoholu lub innych \u015brodk\u00f3w odurzaj\u0105cych.<\/span><\/span><\/li>\n<li><span style=\"font-family: Verdana,sans-serif;\"><span style=\"font-size: x-small;\">Wypo\u017cyczaj\u0105cy zobowi\u0105zany jest do sprawdzenia stanu wypo\u017cyczonego sprz\u0119tu pod wzgl\u0119dem technicznym i ilo\u015bciowym oraz przekazania ewentualnych uwag wydaj\u0105cemu sprz\u0119t. <\/span><\/span><\/li>\n<li><span style=\"font-family: Verdana,sans-serif;\"><span style=\"font-size: x-small;\">Wypo\u017cyczalnia nie ponosi odpowiedzialno\u015bci za skutki nieszcz\u0119\u015bliwych wypadk\u00f3w, utraty zdrowia lub \u017cycia os\u00f3b, kt\u00f3re wypo\u017cyczy\u0142y sprz\u0119t.<br \/>\n<\/span><\/span><\/li>\n<li><span style=\"font-family: Verdana,sans-serif;\"><span style=\"font-size: x-small;\">Osoba wypo\u017cyczaj\u0105ca odpowiedzialna jest za wypo\u017cyczony sprz\u0119t. W przypadku zniszczenia, zagubienia, kradzie\u017cy sprz\u0119tu, wypo\u017cyczaj\u0105cy zobowi\u0105zany jest do zwrotu jego r\u00f3wnowarto\u015bci w wysoko\u015bci 100% rynkowej ceny w chwili zg\u0142oszenia bez wzgl\u0119du na stopie\u0144 jego zamortyzowania.<\/span><\/span><\/li>\n<li><span style=\"font-family: Verdana,sans-serif;\"><span style=\"font-size: x-small;\">Wypo\u017cyczaj\u0105cy zobowi\u0105zany jest do zwr\u00f3cenia sprz\u0119tu w stanie umo\u017cliwiaj\u0105cym natychmiastowe dalsze wypo\u017cyczenia, tzn. kajak powinien by\u0107 czysty.<br \/>\n<\/span><\/span><\/li>\n<li><span style=\"font-family: Verdana,sans-serif;\"><span style=\"font-size: x-small;\">Op\u0142aty za wypo\u017cyczenie kajak\u00f3w i transport pobiera si\u0119 z g\u00f3ry przed rozpocz\u0119ciem sp\u0142ywu.Pobiera si\u0119 tak\u017ce op\u0142at\u0119 w przypadku rezygnacji z zam\u00f3wionej cz\u0119\u015bci sprz\u0119tu w dniu sp\u0142ywu lub podczas sp\u0142ywu o ile nie jest to spowodowane za\u0142amaniem pogody.<\/span><\/span><\/li>\n<li><span style=\"font-family: Verdana,sans-serif;\"><span style=\"font-size: x-small;\">Rezerwacja sprz\u0119tu odbywa si\u0119 na zasadzie przedp\u0142aty w wysoko\u015bci 20% koszt\u00f3w wynikaj\u0105cych z umowy, kt\u00f3ra musi by\u0107 wp\u0142acona co najmniej 14 dni przed dat\u0105 realizacji us\u0142ugi, chyba \u017ce przyj\u0119to inne ustalenia. Pozosta\u0142\u0105 kwot\u0119 nale\u017cy wp\u0142aci\u0107 w dniu odbioru sprz\u0119tu.<\/span><\/span><\/li>\n<li><span style=\"font-family: Verdana,sans-serif;\"><span style=\"font-size: x-small;\">W czasie sp\u0142ywu nale\u017cy zachowywa\u0107 si\u0119 zgodnie z dobrym obyczajem wodniaka i bezpiecze\u0144stwem uczestnik\u00f3w sp\u0142ywu. Nie nale\u017cy:<\/span><\/span><span style=\"font-family: Verdana,sans-serif;\"><span style=\"font-size: x-small;\">a) ha\u0142asowa\u0107 i za\u015bmieca\u0107 akwenu wodnego i nabrze\u017cy,<\/span><\/span><span style=\"font-family: Verdana,sans-serif;\"><span style=\"font-size: x-small;\">b) siada\u0107 na burcie, dziobie, rufie a tak\u017ce w kajaku nie znajduj\u0105cym si\u0119 na wodzie, <\/span><\/span><span style=\"font-family: Verdana,sans-serif;\"><span style=\"font-size: x-small;\">c) sta\u0107 i kuca\u0107 w kajaku, skaka\u0107 z kajaka do wody,<\/span><\/span><span style=\"font-family: Verdana,sans-serif;\"><span style=\"font-size: x-small;\">d) k\u0105pa\u0107 si\u0119 w kamizelkach asekuracyjnych (kapokach) <\/span><span style=\"font-size: x-small;\"><span style=\"text-decoration: underline;\">ani na nich nie siada\u0107, <\/span>zrywa\u0107 kwiat\u00f3w wodnych.<span style=\"text-decoration: underline;\"><br \/>\n<\/span><\/span><\/span><\/li>\n<li><span style=\"font-family: Verdana,sans-serif;\"><span style=\"font-size: x-small;\">Wypo\u017cyczaj\u0105cy sprz\u0119t zobowi\u0105zany jest do udzielenia uczestnikom sp\u0142ywu informacji o wszystkich warunkach na jakich sp\u0142yw si\u0119 odbywa, a przede wszystkim:<\/span><\/span><span style=\"font-family: Verdana,sans-serif;\"><span style=\"font-size: x-small;\">a) zasad korzystania ze sprz\u0119tu p\u0142ywaj\u0105cego i asekuracyjnego.<\/span><\/span><span style=\"font-family: Verdana,sans-serif;\"><span style=\"font-size: x-small;\">b) doboru osad pod wzgl\u0119dem kondycji i umiej\u0119tno\u015bci,<\/span><\/span><span style=\"font-family: Verdana,sans-serif;\"><span style=\"font-size: x-small;\">c) informacji o szlaku kajakowym i miejscach postoju,<\/span><\/span><span style=\"font-family: Verdana,sans-serif;\"><span style=\"font-size: x-small;\">d) przygotowaniu uczestnik\u00f3w sp\u0142ywu w odpowiedni\u0105 odzie\u017c<\/span><\/span><\/li>\n<li><span style=\"font-family: Verdana,sans-serif;\"><span style=\"font-size: x-small;\">Najwa\u017cniejszym celem jest zadowolenie obu stron umowy, jednak w przypadku ewentualnego sporu w pierwszej kolejno\u015bci rozwi\u0105zany b\u0119dzie na drodze polubownej.<\/span><\/span><\/li>\n<\/ol>\n","protected":false},"excerpt":{"rendered":"<p>&nbsp; Do dyspozycji Pa\u0144stwa oddajemy dwuosobowe kajaki polietylenowe polskiej firmy ROTEKO z przestronnym kokpitem. Doskona\u0142e na jeziora i rzeki. Bardzo stabilne, zwrotne i dobrze utrzymuj\u0105ce kierunek spe\u0142ni\u0105 oczekiwania pocz\u0105tkuj\u0105cych jak i do\u015bwiadczonych kajakarzy. Na szczeg\u00f3ln\u0105 uwag\u0119 zas\u0142uguj\u0105 komfortowe fotele ze sk\u0142adanymi oparciami i miejscem na nap\u00f3j. Pomi\u0119dzy dwoma fotelami znajduje si\u0119 wygodne trzecie siedzenie dla [&hellip;]<\/p>\n","protected":false},"author":1,"featured_media":0,"parent":0,"menu_order":1,"comment_status":"closed","ping_status":"closed","template":"","meta":{"ngg_post_thumbnail":0,"footnotes":""},"class_list":["post-3","page","type-page","status-publish","hentry"],"_links":{"self":[{"href":"https:\/\/www.kargowa-kajaki.pl\/index.php?rest_route=\/wp\/v2\/pages\/3","targetHints":{"allow":["GET"]}}],"collection":[{"href":"https:\/\/www.kargowa-kajaki.pl\/index.php?rest_route=\/wp\/v2\/pages"}],"about":[{"href":"https:\/\/www.kargowa-kajaki.pl\/index.php?rest_route=\/wp\/v2\/types\/page"}],"author":[{"embeddable":true,"href":"https:\/\/www.kargowa-kajaki.pl\/index.php?rest_route=\/wp\/v2\/users\/1"}],"replies":[{"embeddable":true,"href":"https:\/\/www.kargowa-kajaki.pl\/index.php?rest_route=%2Fwp%2Fv2%2Fcomments&post=3"}],"version-history":[{"count":105,"href":"https:\/\/www.kargowa-kajaki.pl\/index.php?rest_route=\/wp\/v2\/pages\/3\/revisions"}],"predecessor-version":[{"id":1174,"href":"https:\/\/www.kargowa-kajaki.pl\/index.php?rest_route=\/wp\/v2\/pages\/3\/revisions\/1174"}],"wp:attachment":[{"href":"https:\/\/www.kargowa-kajaki.pl\/index.php?rest_route=%2Fwp%2Fv2%2Fmedia&parent=3"}],"curies":[{"name":"wp","href":"https:\/\/api.w.org\/{rel}","templated":true}]}}