{"id":218,"date":"2009-08-23T22:40:01","date_gmt":"2009-08-23T20:40:01","guid":{"rendered":"http:\/\/www.kargus-kajaki.pl\/?page_id=218"},"modified":"2021-01-04T14:37:15","modified_gmt":"2021-01-04T12:37:15","slug":"obra-leniwa","status":"publish","type":"page","link":"https:\/\/www.kargowa-kajaki.pl\/?page_id=218","title":{"rendered":"Obra Leniwa"},"content":{"rendered":"<p>Rzeka Obra Leniwa (prawy dop\u0142yw Obrzycy)<br \/>\n(szlak kajakowy\u00a0 Kr\u0119cko &#8211; Wojnowo ( Smolno Wielkie)<br \/>\n1. D\u0142ugo\u015b\u0107 szlaku \u2013 18 km<br \/>\n2. Stopie\u0144 rozwini\u0119cia: 1,2<br \/>\n3. Spadek na szlaku: 0,05\u2030<br \/>\n4. Przep\u0142yw: 4,0 m3\/sek<br \/>\n5. Powierzchnia dorzecza: &#8230;&#8230;.. km2<br \/>\n6. Czas sp\u0142ywu: 1 dzie\u0144 (4-5 godz.)<br \/>\n7. Skala trudno\u015bci:<br \/>\n1)\u00a0 szlak \u0142atwy, dla pocz\u0105tkuj\u0105cych i sp\u0142yw\u00f3w masowych (t 1)<br \/>\n8. Skala uci\u0105\u017cliwo\u015bci:<br \/>\n1) na odcinku Kr\u0119cko &#8211; Podmokle Ma\u0142e &#8211; Babimost &#8211; Wojnowo nieco uci\u0105\u017cliwy (u 2) ze wzgl\u0119du na konieczno\u015b\u0107 przeniesienia lub przeci\u0105gni\u0119cia kajak\u00f3w przez 3 zastawki i kilka niskich k\u0142adek.<br \/>\n2) na odcinku Wojnowo \u2013 Smolno Wielkie nieco uci\u0105\u017cliwy (u 2) ze wzgl\u0119du na sta\u0142y jaz w Wojnowie<br \/>\n9. Skala malowniczo\u015bci szlaku: szlak malowniczy (***)<\/p>\n<p>10. Oznakowanie szlaku:<br \/>\nbrak oznakowania szlaku<br \/>\n11. Infrastruktura turystyczna:<br \/>\n1) miejsca biwakowe: Wojnowo\u00a0 Miejsca te posiadaj\u0105 podstawow\u0105 infrastruktur\u0119: wiaty, miejsca na ognisko, sanitariaty oraz gastronomi\u0119<br \/>\n2) Wypo\u017cyczalnie kajak\u00f3w: Wojnowo, Kargowa<\/p>\n<p><strong>Obra Leniwa <\/strong>(Gni\u0142a Obra), lewy dop\u0142yw Obrzycy, jest to rzeka typowo nizinna, kt\u00f3ra na skutek zabieg\u00f3w melioracyjnych na pocz\u0105tku XX w. (odcinek do Babimostu) i w latach 70-tych XX w. (odcinek za Babimostem) z rzeki meandruj\u0105cej zosta\u0142a zamieniona w prosty kana\u0142. Obecnie w rejonie gminy Zb\u0105szynek (powy\u017cej Kr\u0119cka) na d\u0142ugo\u015bci 5 km planuje si\u0119 renaturalizacj\u0119 koryta ( przywr\u00f3cenie meandr\u00f3w) co spowoduje podniesienie poziomu wody o 1 m i przywr\u00f3ci warunki do rozwoju populacji wielu gatunk\u00f3w flory i fauny. Mo\u017ce dzi\u0119ki temu wyd\u0142u\u017cy si\u0119 szlak kajakowy. Obecnie Obra Leniwa dost\u0119pna dla kajakarzy jest od m. Kr\u0119cko. W wi\u0119kszo\u015bci przep\u0142ywa przez szerok\u0105 dolin\u0119 poro\u015bni\u0119t\u0105 \u0142\u0105kami i jest niemal na ca\u0142ej d\u0142ugo\u015bci uregulowana. Liczne zastawki w okresie niskiego stanu wody wymagaj\u0105 kr\u00f3tkich przenosek. Znaczna cz\u0119\u015b\u0107 rzeki znajduje si\u0119 na obszarze chronionym &#8222;Natura 2000&#8221; i w granicach obszaru chronionego krajobrazu &#8222;Rynny Obrzycko \u2013 Obrza\u0144skie&#8221;. Na szlaku 3 ciekawe miejscowo\u015bci. Podmokle Ma\u0142e ze skansenem dawnych maszyn rolniczych, Babimost z bogat\u0105 histori\u0105 si\u0119gaj\u0105c\u0105 XIII w. oraz Wojnowo z licznymi o\u015brodkami wypoczynkowymi i neobarokowym pa\u0142acem, w kt\u00f3rym obecnie mie\u015bci si\u0119 szpital dla dzieci a w okresie mi\u0119dzywojennym w\u0142a\u015bcicielami pa\u0142acu byli potomkowie dzisiejszej kr\u00f3lowej Holandii. Szlak kajakowy liczy ok. 16 km (od Kr\u0119cka do Wojnowa). Na przep\u0142yni\u0119cie tego odcinka trzeba po\u015bwieci\u0107 4 \u2013 5 godz.<\/p>\n\n\t\t<style type=\"text\/css\">\n\t\t\t#gallery-1 {\n\t\t\t\tmargin: auto;\n\t\t\t}\n\t\t\t#gallery-1 .gallery-item {\n\t\t\t\tfloat: left;\n\t\t\t\tmargin-top: 10px;\n\t\t\t\ttext-align: center;\n\t\t\t\twidth: 25%;\n\t\t\t}\n\t\t\t#gallery-1 img {\n\t\t\t\tborder: 2px solid #cfcfcf;\n\t\t\t}\n\t\t\t#gallery-1 .gallery-caption {\n\t\t\t\tmargin-left: 0;\n\t\t\t}\n\t\t\t\/* see gallery_shortcode() in wp-includes\/media.php *\/\n\t\t<\/style>\n\t\t<div id='gallery-1' class='gallery galleryid-218 gallery-columns-4 gallery-size-thumbnail'><dl class='gallery-item'>\n\t\t\t<dt class='gallery-icon landscape'>\n\t\t\t\t<a href='https:\/\/www.kargowa-kajaki.pl\/wp-content\/uploads\/2009\/08\/011.jpg'><img loading=\"lazy\" decoding=\"async\" width=\"150\" height=\"150\" src=\"https:\/\/www.kargowa-kajaki.pl\/wp-content\/uploads\/2009\/08\/011-150x150.jpg\" class=\"attachment-thumbnail size-thumbnail\" alt=\"\" \/><\/a>\n\t\t\t<\/dt><\/dl><dl class='gallery-item'>\n\t\t\t<dt class='gallery-icon landscape'>\n\t\t\t\t<a href='https:\/\/www.kargowa-kajaki.pl\/wp-content\/uploads\/2009\/08\/02.jpg'><img loading=\"lazy\" decoding=\"async\" width=\"150\" height=\"150\" src=\"https:\/\/www.kargowa-kajaki.pl\/wp-content\/uploads\/2009\/08\/02-150x150.jpg\" class=\"attachment-thumbnail size-thumbnail\" alt=\"\" \/><\/a>\n\t\t\t<\/dt><\/dl><dl class='gallery-item'>\n\t\t\t<dt class='gallery-icon landscape'>\n\t\t\t\t<a href='https:\/\/www.kargowa-kajaki.pl\/wp-content\/uploads\/2009\/08\/03.jpg'><img loading=\"lazy\" decoding=\"async\" width=\"150\" height=\"150\" src=\"https:\/\/www.kargowa-kajaki.pl\/wp-content\/uploads\/2009\/08\/03-150x150.jpg\" class=\"attachment-thumbnail size-thumbnail\" alt=\"\" \/><\/a>\n\t\t\t<\/dt><\/dl><dl class='gallery-item'>\n\t\t\t<dt class='gallery-icon landscape'>\n\t\t\t\t<a href='https:\/\/www.kargowa-kajaki.pl\/wp-content\/uploads\/2009\/08\/04.jpg'><img loading=\"lazy\" decoding=\"async\" width=\"150\" height=\"150\" src=\"https:\/\/www.kargowa-kajaki.pl\/wp-content\/uploads\/2009\/08\/04-150x150.jpg\" class=\"attachment-thumbnail size-thumbnail\" alt=\"\" \/><\/a>\n\t\t\t<\/dt><\/dl><br style=\"clear: both\" \/><dl class='gallery-item'>\n\t\t\t<dt class='gallery-icon landscape'>\n\t\t\t\t<a href='https:\/\/www.kargowa-kajaki.pl\/wp-content\/uploads\/2009\/08\/05.jpg'><img loading=\"lazy\" decoding=\"async\" width=\"150\" height=\"150\" src=\"https:\/\/www.kargowa-kajaki.pl\/wp-content\/uploads\/2009\/08\/05-150x150.jpg\" class=\"attachment-thumbnail size-thumbnail\" alt=\"\" \/><\/a>\n\t\t\t<\/dt><\/dl><dl class='gallery-item'>\n\t\t\t<dt class='gallery-icon landscape'>\n\t\t\t\t<a href='https:\/\/www.kargowa-kajaki.pl\/wp-content\/uploads\/2009\/08\/06.jpg'><img loading=\"lazy\" decoding=\"async\" width=\"150\" height=\"150\" src=\"https:\/\/www.kargowa-kajaki.pl\/wp-content\/uploads\/2009\/08\/06-150x150.jpg\" class=\"attachment-thumbnail size-thumbnail\" alt=\"\" \/><\/a>\n\t\t\t<\/dt><\/dl><dl class='gallery-item'>\n\t\t\t<dt class='gallery-icon landscape'>\n\t\t\t\t<a href='https:\/\/www.kargowa-kajaki.pl\/wp-content\/uploads\/2009\/08\/08.jpg'><img loading=\"lazy\" decoding=\"async\" width=\"150\" height=\"150\" src=\"https:\/\/www.kargowa-kajaki.pl\/wp-content\/uploads\/2009\/08\/08-150x150.jpg\" class=\"attachment-thumbnail size-thumbnail\" alt=\"\" \/><\/a>\n\t\t\t<\/dt><\/dl><dl class='gallery-item'>\n\t\t\t<dt class='gallery-icon landscape'>\n\t\t\t\t<a href='https:\/\/www.kargowa-kajaki.pl\/wp-content\/uploads\/2009\/08\/09.jpg'><img loading=\"lazy\" decoding=\"async\" width=\"150\" height=\"150\" src=\"https:\/\/www.kargowa-kajaki.pl\/wp-content\/uploads\/2009\/08\/09-150x150.jpg\" class=\"attachment-thumbnail size-thumbnail\" alt=\"\" \/><\/a>\n\t\t\t<\/dt><\/dl><br style=\"clear: both\" \/><dl class='gallery-item'>\n\t\t\t<dt class='gallery-icon landscape'>\n\t\t\t\t<a href='https:\/\/www.kargowa-kajaki.pl\/wp-content\/uploads\/2009\/08\/10.jpg'><img loading=\"lazy\" decoding=\"async\" width=\"150\" height=\"150\" src=\"https:\/\/www.kargowa-kajaki.pl\/wp-content\/uploads\/2009\/08\/10-150x150.jpg\" class=\"attachment-thumbnail size-thumbnail\" alt=\"\" \/><\/a>\n\t\t\t<\/dt><\/dl><dl class='gallery-item'>\n\t\t\t<dt class='gallery-icon landscape'>\n\t\t\t\t<a href='https:\/\/www.kargowa-kajaki.pl\/wp-content\/uploads\/2009\/08\/11.jpg'><img loading=\"lazy\" decoding=\"async\" width=\"150\" height=\"150\" src=\"https:\/\/www.kargowa-kajaki.pl\/wp-content\/uploads\/2009\/08\/11-150x150.jpg\" class=\"attachment-thumbnail size-thumbnail\" alt=\"\" \/><\/a>\n\t\t\t<\/dt><\/dl><dl class='gallery-item'>\n\t\t\t<dt class='gallery-icon landscape'>\n\t\t\t\t<a href='https:\/\/www.kargowa-kajaki.pl\/wp-content\/uploads\/2009\/08\/12.jpg'><img loading=\"lazy\" decoding=\"async\" width=\"150\" height=\"150\" src=\"https:\/\/www.kargowa-kajaki.pl\/wp-content\/uploads\/2009\/08\/12-150x150.jpg\" class=\"attachment-thumbnail size-thumbnail\" alt=\"\" \/><\/a>\n\t\t\t<\/dt><\/dl><dl class='gallery-item'>\n\t\t\t<dt class='gallery-icon landscape'>\n\t\t\t\t<a href='https:\/\/www.kargowa-kajaki.pl\/wp-content\/uploads\/2009\/08\/13.jpg'><img loading=\"lazy\" decoding=\"async\" width=\"150\" height=\"150\" src=\"https:\/\/www.kargowa-kajaki.pl\/wp-content\/uploads\/2009\/08\/13-150x150.jpg\" class=\"attachment-thumbnail size-thumbnail\" alt=\"\" \/><\/a>\n\t\t\t<\/dt><\/dl><br style=\"clear: both\" \/><dl class='gallery-item'>\n\t\t\t<dt class='gallery-icon landscape'>\n\t\t\t\t<a href='https:\/\/www.kargowa-kajaki.pl\/wp-content\/uploads\/2009\/08\/14.jpg'><img loading=\"lazy\" decoding=\"async\" width=\"150\" height=\"150\" src=\"https:\/\/www.kargowa-kajaki.pl\/wp-content\/uploads\/2009\/08\/14-150x150.jpg\" class=\"attachment-thumbnail size-thumbnail\" alt=\"\" \/><\/a>\n\t\t\t<\/dt><\/dl><dl class='gallery-item'>\n\t\t\t<dt class='gallery-icon landscape'>\n\t\t\t\t<a href='https:\/\/www.kargowa-kajaki.pl\/wp-content\/uploads\/2009\/08\/15.jpg'><img loading=\"lazy\" decoding=\"async\" width=\"150\" height=\"150\" src=\"https:\/\/www.kargowa-kajaki.pl\/wp-content\/uploads\/2009\/08\/15-150x150.jpg\" class=\"attachment-thumbnail size-thumbnail\" alt=\"\" \/><\/a>\n\t\t\t<\/dt><\/dl><dl class='gallery-item'>\n\t\t\t<dt class='gallery-icon landscape'>\n\t\t\t\t<a href='https:\/\/www.kargowa-kajaki.pl\/wp-content\/uploads\/2009\/08\/16.jpg'><img loading=\"lazy\" decoding=\"async\" width=\"150\" height=\"150\" src=\"https:\/\/www.kargowa-kajaki.pl\/wp-content\/uploads\/2009\/08\/16-150x150.jpg\" class=\"attachment-thumbnail size-thumbnail\" alt=\"\" \/><\/a>\n\t\t\t<\/dt><\/dl><dl class='gallery-item'>\n\t\t\t<dt class='gallery-icon landscape'>\n\t\t\t\t<a href='https:\/\/www.kargowa-kajaki.pl\/wp-content\/uploads\/2009\/08\/17.jpg'><img loading=\"lazy\" decoding=\"async\" width=\"150\" height=\"150\" src=\"https:\/\/www.kargowa-kajaki.pl\/wp-content\/uploads\/2009\/08\/17-150x150.jpg\" class=\"attachment-thumbnail size-thumbnail\" alt=\"\" \/><\/a>\n\t\t\t<\/dt><\/dl><br style=\"clear: both\" \/>\n\t\t<\/div>\n\n<p>Opis szlaku<\/p>\n<p><strong>18,9 km <\/strong> &#8211; <strong>Kr\u0119cko<\/strong>, wie\u015b w pow. \u015bwiebodzi\u0144skim. Wodujemy kajaki przy mo\u015bcie drogowym. Szeroko\u015b\u0107 rzeczki 5-6 m, g\u0142\u0119boko\u015b\u0107 ok. 0,5 m. Nurt wyczuwalny. Przed nami d\u0142ugie i proste odcinki a\u017c do j. Wojnowskiego. Monotoni\u0119 przerywaj\u0105 krzewy porastaj\u0105ce brzegi i pochylone nad wod\u0105, kt\u00f3rych ga\u0142\u0119zie trzeba omin\u0105\u0107.<\/p>\n<p><strong>16,2 km <\/strong>&#8211; <strong>Podmokle Ma\u0142e<\/strong>. Warto si\u0119 ztrzyma\u0107 na d\u0142u\u017cszy post\u00f3j zwiedzaj\u0105c skansen maszyn i urz\u0105dze\u0144 rolniczych. Znajduje si\u0119 tam ponad 200 eksponat\u00f3w narz\u0119dzi rolniczych, wiele z nich unikatowych, np. Sprawny kierat rolniczy. Jednak najwi\u0119ksz\u0105 atrakcj\u0105 jest odrestaurowany wiatrak typu ko\u017alak z 1854 r.<\/p>\n<p><strong>14,4 km <\/strong>\u2013 jaz a nast\u0119pnie most kolejowy na linii Zb\u0105szynek \u2013 Zielona G\u00f3ra.<\/p>\n<p><strong>13,1 km<\/strong> \u2013 metalowy most na drodze polnej.<\/p>\n<p><strong>12,5 km<\/strong> \u2013 <strong>Babimost<\/strong>, zastawka i k\u0142adka dla pieszych.<\/p>\n<p><strong>12,2 km <\/strong>\u2013 <strong>Babimost<\/strong>, zabytkowy most drogowy w centrum miasta. Miejsce na odpoczynek. W pobli\u017cu bar i sklepy. L\u0105dowa\u0107 z lewej przy Skwerze Muzyk\u00f3w Ludowych. Warto odwiedzi\u0107 znajduj\u0105cy si\u0119 nieopodal barokowy ko\u015bci\u00f3\u0142 pami\u0119taj\u0105cy burzliwe i dramatyczne dla Babimostu czasy potopu szwedzkiego.W bocznym o\u0142tarzu znajduje si\u0119 cudowny obraz Matki Bo\u017cej, kt\u00f3ry prawdopodobnie powsta\u0142 w XV w.<\/p>\n<p><strong>11,9 km<\/strong> \u2013 <strong>Babimost<\/strong>, most drogowy a wcze\u015bniej niski mostek, kt\u00f3ry nawet przy \u015brednim stanie wody wymaga przeniesienia kajak\u00f3w .<\/p>\n<p><strong>11,3 km <\/strong>\u2013 most drogowy na obwodnicy Babimostu. Z wysoko\u015bci mostu pi\u0119kna panorama Babimostu. Nieco dalej kolejny niski mostek wymagaj\u0105cy przeniesienia kajak\u00f3w.<\/p>\n<p><strong>9,1 km<\/strong> \u2013 zastawka zawsze wymagaj\u0105ca przeniesienia kajak\u00f3w. Przenosimy z prawej 10 m, 200 m dalej most na drodze polnej.<\/p>\n<p><strong>7,9 km<\/strong> \u2013 <strong>Kuligowo<\/strong>, ostatni most przed j. Wojnowskim Wschodnim.<\/p>\n<p><strong>7,3 km<\/strong> \u2013 odp\u0142yw z przepompowni Kuligowo. Warto wp\u0142yn\u0105\u0107 na kr\u00f3tki odpoczynek. Czysta woda zach\u0119ca do k\u0105pieli.<\/p>\n<p><strong>6,9 km <\/strong>\u2013 uj\u015bcie rzeki do j. Wojnowskiego. Okresowo mo\u017cna napotka\u0107 zatory z ro\u015blinno\u015bci i niestety \u015bmieci. Przy niskim stanie wody wyp\u0142yw na jezioro silnie zamulony.<\/p>\n<p><strong>4,1 km<\/strong> \u2013 <strong>Wojnowo<\/strong>, most drogowy na przesmyku pomi\u0119dzy jeziorami Wojnowskimi. Po lewej pla\u017ca i wie\u015b Wojnowo, po prawej o\u015brodek wypoczynkowy. Miejsca na dobry biwak. Chc\u0105c p\u0142yn\u0105\u0107 dalej nale\u017cy skr\u0119ci\u0107 w lewo.<\/p>\n<p><strong>2,6 km <\/strong>\u2013 <strong>Wojnowo<\/strong>, wyp\u0142yw na szlak szerokim kana\u0142em. Przed wyp\u0142ywem pla\u017ca nale\u017c\u0105ca do sanatorium. Dobre miejsce do k\u0105pieli. Warto zrobi\u0107 przerw\u0119 na zwiedzenie zabytkowego parku przypa\u0142acowego i samego pa\u0142acu, w kt\u00f3rym obecnie znajduje si\u0119 szpital rehabilitacyjno &#8211; leczniczy.<\/p>\n<p><strong>2,4 km<\/strong> \u2013 <strong>Wojnowo<\/strong>, jaz wymagaj\u0105cy przenoski. Przenosi\u0107 z prawej 20 m. Za jazem most na drodze powiatowej Wojnowo \u2013 Stare Kramsko. W pobli\u017cu przenoski gospodarstwo rybackie. Mo\u017cliwo\u015b\u0107 zam\u00f3wienia znakomitego w\u0119dzonego pstr\u0105ga.<\/p>\n<p><strong>0,3 km<\/strong> \u2013 most drogowy na drodze krajowej nr 32.<\/p>\n<p><strong>0,0 km <\/strong>\u2013 po\u0142\u0105czenie z rzek\u0105 Obrzyc\u0105. W prawo z nurtem pozna dop\u0142yn\u0105\u0107 do Cigacic (ok. 4 godz.), w lewo pod pr\u0105d do Kargowej(ok. 1,5 godz.)<\/p>\n<p>tekst i zdj\u0119cia: Jerzy Jaszczak<\/p>\n","protected":false},"excerpt":{"rendered":"<p>Rzeka Obra Leniwa (prawy dop\u0142yw Obrzycy) (szlak kajakowy\u00a0 Kr\u0119cko &#8211; Wojnowo ( Smolno Wielkie) 1. D\u0142ugo\u015b\u0107 szlaku \u2013 18 km 2. Stopie\u0144 rozwini\u0119cia: 1,2 3. Spadek na szlaku: 0,05\u2030 4. Przep\u0142yw: 4,0 m3\/sek 5. Powierzchnia dorzecza: &#8230;&#8230;.. km2 6. Czas sp\u0142ywu: 1 dzie\u0144 (4-5 godz.) 7. Skala trudno\u015bci: 1)\u00a0 szlak \u0142atwy, dla pocz\u0105tkuj\u0105cych i sp\u0142yw\u00f3w [&hellip;]<\/p>\n","protected":false},"author":1,"featured_media":0,"parent":7,"menu_order":0,"comment_status":"closed","ping_status":"closed","template":"","meta":{"ngg_post_thumbnail":0,"footnotes":""},"class_list":["post-218","page","type-page","status-publish","hentry"],"_links":{"self":[{"href":"https:\/\/www.kargowa-kajaki.pl\/index.php?rest_route=\/wp\/v2\/pages\/218","targetHints":{"allow":["GET"]}}],"collection":[{"href":"https:\/\/www.kargowa-kajaki.pl\/index.php?rest_route=\/wp\/v2\/pages"}],"about":[{"href":"https:\/\/www.kargowa-kajaki.pl\/index.php?rest_route=\/wp\/v2\/types\/page"}],"author":[{"embeddable":true,"href":"https:\/\/www.kargowa-kajaki.pl\/index.php?rest_route=\/wp\/v2\/users\/1"}],"replies":[{"embeddable":true,"href":"https:\/\/www.kargowa-kajaki.pl\/index.php?rest_route=%2Fwp%2Fv2%2Fcomments&post=218"}],"version-history":[{"count":13,"href":"https:\/\/www.kargowa-kajaki.pl\/index.php?rest_route=\/wp\/v2\/pages\/218\/revisions"}],"predecessor-version":[{"id":1060,"href":"https:\/\/www.kargowa-kajaki.pl\/index.php?rest_route=\/wp\/v2\/pages\/218\/revisions\/1060"}],"up":[{"embeddable":true,"href":"https:\/\/www.kargowa-kajaki.pl\/index.php?rest_route=\/wp\/v2\/pages\/7"}],"wp:attachment":[{"href":"https:\/\/www.kargowa-kajaki.pl\/index.php?rest_route=%2Fwp%2Fv2%2Fmedia&parent=218"}],"curies":[{"name":"wp","href":"https:\/\/api.w.org\/{rel}","templated":true}]}}