{"id":214,"date":"2009-08-23T22:37:35","date_gmt":"2009-08-23T20:37:35","guid":{"rendered":"http:\/\/www.kargus-kajaki.pl\/?page_id=214"},"modified":"2015-09-30T11:36:51","modified_gmt":"2015-09-30T09:36:51","slug":"obrzyca","status":"publish","type":"page","link":"https:\/\/www.kargowa-kajaki.pl\/?page_id=214","title":{"rendered":"Obrzyca"},"content":{"rendered":"<p style=\"margin-bottom: 0cm;\"><strong>OBRZYCA<!--more--><\/strong><\/p>\n<p style=\"margin-bottom: 0cm;\">Rzeka Obrzyca, o d\u0142ugo\u015bci 69,9 km,prawy dop\u0142yw \u015brodkowej Odry wyp\u0142ywa w okolicy wsi Kr\u0105\u017ckowo, gmina S\u0142awa.<\/p>\n<p style=\"margin-bottom: 0cm;\">W g\u00f3rnym biegu przep\u0142ywa przez kilka urokliwych jezior by wp\u0142yn\u0105\u0107 do zatoki J. S\u0142awskiego we wsi Radzy\u0144. Przep\u0142ywa przez niemal ca\u0142e J.S\u0142awskie (828 ha, g\u0142\u0119boko\u015b\u0107 12,3, d\u0142ugo\u015b\u0107 9,2 km, 4 wyspy). Wyp\u0142yw we wsi letniskowej Lubiat\u00f3w. Dalej kieruje sw\u00f3j leniwy nurt na zach\u00f3d przep\u0142ywaj\u0105c przez Konotop. W okolicach Jesiony wp\u0142ywa do ostatniego jeziora na szlaku &#8211; Jeziora Rudno. Kolejne miejscowo\u015bci na szlaku to U\u015bcie, Kargowa, Chwalim, Smolno Wielkie, Podleg\u00f3rz i w pobli\u017cu\u00a0 Cigacic (G\u00f3rzykowo) wpada do Odry na 469 km. Na ca\u0142ym szlaku Obrzycy czysta woda zach\u0119caj\u0105ca do k\u0105pieli.<\/p>\n<p style=\"margin-bottom: 0cm;\"><strong>Charakterystyka szlaku<\/strong><\/p>\n<p style=\"margin-bottom: 0cm;\">\u00a01. D\u0142ugo\u015b\u0107 szlaku \u2013 47,0 km<br \/>\n2. Stopie\u0144 rozwini\u0119cia: 1,4<br \/>\n3. Spadek na szlaku: 0,07\u2030<br \/>\n4. Przep\u0142yw: 7,0 m3\/sek<br \/>\n5. Powierzchnia dorzecza: 1808 km2<br \/>\n6. Czas sp\u0142ywu: 2-3 dni<br \/>\n7. Skala trudno\u015bci:<br \/>\n1)\u00a0 szlak \u0142atwy, dla pocz\u0105tkuj\u0105cych i sp\u0142yw\u00f3w masowych (t 1)<br \/>\n8. Skala uci\u0105\u017cliwo\u015bci:<br \/>\n1) na odcinku Lubiat\u00f3w \u2013 Konotop nadzwyczaj uci\u0105\u017cliwy ze wzgl\u0119du na siln\u0105 eutrofizacj\u0119 rzeki (u 6 \u2013 przeszkody kt\u00f3rych pokonanie wymaga wysiadania z kajaka i zu\u017cycia ponad 200 % czasu przeznaczonego na p\u0142yni\u0119cie. \u015arednia odleg\u0142o\u015b\u0107 miedzy przeszkodami do 2 km),<br \/>\n2) na odcinku Konotop\u2013 Cigacice nieco uci\u0105\u017cliwy (u 2) ze wzgl\u0119du na liczne jazy zamykane przy ni\u017cszych stanach wody<br \/>\n9. Skala malowniczo\u015bci szlaku:<br \/>\n1) na odcinku Lubiat\u00f3w \u2013 Konotop szlak malowniczy (***)<br \/>\n2) na odcinku Konotop-\u00a0 Jesiona szlak przyjemny (**)<br \/>\n3) na odcinku Jesiona \u2013 Cigacice szlak malowniczy (***)<br \/>\n10. Oznakowanie szlaku:<br \/>\nbrak oznakowania szlaku<br \/>\n11. Infrastruktura turystyczna:<br \/>\n1) miejsca biwakowe: Lubiat\u00f3w, Rudno, U\u015bcie, Kargowa.\u00a0 Miejsca te posiadaj\u0105 podstawow\u0105 infrastruktur\u0119: wiaty, miejsca na ognisko, sanitariaty oraz gastronomi\u0119<br \/>\n2) Wypo\u017cyczalnie kajak\u00f3w:\u00a0 Kargowa<\/p>\n<p style=\"margin-bottom: 0cm;\">Sp\u0142ywy kajakowe najlepiej rozpocz\u0105\u0107 w m. Lubiat\u00f3w za mostem drogowym Konotop-S\u0142awa. Jednak ze wzgl\u0119du na ma\u0142e przep\u0142ywy wody, dla pocz\u0105tkuj\u0105cych kajakarzy przep\u0142yni\u0119cie odcinka ok. 3 km przez kompleks le\u015bny b\u0119dzie powa\u017cnym wyzwaniem. Niski stan wody oraz radosna tw\u00f3rczo\u015b\u0107 bobr\u00f3w powoduje zarastanie rzeki. Kto lubi przeci\u0105ga\u0107 kajak przez szuwary i powalone drzewa to koniecznie powinien ten odcinek przep\u0142yn\u0105\u0107.<\/p>\n\n\t\t<style type=\"text\/css\">\n\t\t\t#gallery-1 {\n\t\t\t\tmargin: auto;\n\t\t\t}\n\t\t\t#gallery-1 .gallery-item {\n\t\t\t\tfloat: left;\n\t\t\t\tmargin-top: 10px;\n\t\t\t\ttext-align: center;\n\t\t\t\twidth: 33%;\n\t\t\t}\n\t\t\t#gallery-1 img {\n\t\t\t\tborder: 2px solid #cfcfcf;\n\t\t\t}\n\t\t\t#gallery-1 .gallery-caption {\n\t\t\t\tmargin-left: 0;\n\t\t\t}\n\t\t\t\/* see gallery_shortcode() in wp-includes\/media.php *\/\n\t\t<\/style>\n\t\t<div id='gallery-1' class='gallery galleryid-214 gallery-columns-3 gallery-size-thumbnail'><dl class='gallery-item'>\n\t\t\t<dt class='gallery-icon landscape'>\n\t\t\t\t<a href='https:\/\/www.kargowa-kajaki.pl\/wp-content\/uploads\/2009\/08\/mapa-Obrzyca-Lubiat\u00f3w.jpg'><img loading=\"lazy\" decoding=\"async\" width=\"150\" height=\"150\" src=\"https:\/\/www.kargowa-kajaki.pl\/wp-content\/uploads\/2009\/08\/mapa-Obrzyca-Lubiat\u00f3w-150x150.jpg\" class=\"attachment-thumbnail size-thumbnail\" alt=\"\" \/><\/a>\n\t\t\t<\/dt><\/dl><dl class='gallery-item'>\n\t\t\t<dt class='gallery-icon landscape'>\n\t\t\t\t<a href='https:\/\/www.kargowa-kajaki.pl\/wp-content\/uploads\/2009\/08\/Obrzyca-15.jpg'><img loading=\"lazy\" decoding=\"async\" width=\"150\" height=\"150\" src=\"https:\/\/www.kargowa-kajaki.pl\/wp-content\/uploads\/2009\/08\/Obrzyca-15-150x150.jpg\" class=\"attachment-thumbnail size-thumbnail\" alt=\"\" \/><\/a>\n\t\t\t<\/dt><\/dl><dl class='gallery-item'>\n\t\t\t<dt class='gallery-icon landscape'>\n\t\t\t\t<a href='https:\/\/www.kargowa-kajaki.pl\/wp-content\/uploads\/2009\/08\/Obrzyca-21.jpg'><img loading=\"lazy\" decoding=\"async\" width=\"150\" height=\"150\" src=\"https:\/\/www.kargowa-kajaki.pl\/wp-content\/uploads\/2009\/08\/Obrzyca-21-150x150.jpg\" class=\"attachment-thumbnail size-thumbnail\" alt=\"\" \/><\/a>\n\t\t\t<\/dt><\/dl><br style=\"clear: both\" \/><dl class='gallery-item'>\n\t\t\t<dt class='gallery-icon landscape'>\n\t\t\t\t<a href='https:\/\/www.kargowa-kajaki.pl\/wp-content\/uploads\/2009\/08\/Obrzyca-31.jpg'><img loading=\"lazy\" decoding=\"async\" width=\"150\" height=\"150\" src=\"https:\/\/www.kargowa-kajaki.pl\/wp-content\/uploads\/2009\/08\/Obrzyca-31-150x150.jpg\" class=\"attachment-thumbnail size-thumbnail\" alt=\"\" \/><\/a>\n\t\t\t<\/dt><\/dl><dl class='gallery-item'>\n\t\t\t<dt class='gallery-icon landscape'>\n\t\t\t\t<a href='https:\/\/www.kargowa-kajaki.pl\/wp-content\/uploads\/2009\/08\/Obrzyca-41.jpg'><img loading=\"lazy\" decoding=\"async\" width=\"150\" height=\"150\" src=\"https:\/\/www.kargowa-kajaki.pl\/wp-content\/uploads\/2009\/08\/Obrzyca-41-150x150.jpg\" class=\"attachment-thumbnail size-thumbnail\" alt=\"\" \/><\/a>\n\t\t\t<\/dt><\/dl><dl class='gallery-item'>\n\t\t\t<dt class='gallery-icon landscape'>\n\t\t\t\t<a href='https:\/\/www.kargowa-kajaki.pl\/wp-content\/uploads\/2009\/08\/Obrzyca-51.jpg'><img loading=\"lazy\" decoding=\"async\" width=\"150\" height=\"150\" src=\"https:\/\/www.kargowa-kajaki.pl\/wp-content\/uploads\/2009\/08\/Obrzyca-51-150x150.jpg\" class=\"attachment-thumbnail size-thumbnail\" alt=\"\" \/><\/a>\n\t\t\t<\/dt><\/dl><br style=\"clear: both\" \/><dl class='gallery-item'>\n\t\t\t<dt class='gallery-icon landscape'>\n\t\t\t\t<a href='https:\/\/www.kargowa-kajaki.pl\/wp-content\/uploads\/2009\/08\/Obrzyca-61.jpg'><img loading=\"lazy\" decoding=\"async\" width=\"150\" height=\"150\" src=\"https:\/\/www.kargowa-kajaki.pl\/wp-content\/uploads\/2009\/08\/Obrzyca-61-150x150.jpg\" class=\"attachment-thumbnail size-thumbnail\" alt=\"\" \/><\/a>\n\t\t\t<\/dt><\/dl><dl class='gallery-item'>\n\t\t\t<dt class='gallery-icon landscape'>\n\t\t\t\t<a href='https:\/\/www.kargowa-kajaki.pl\/wp-content\/uploads\/2009\/08\/Obrzyca-7.jpg'><img loading=\"lazy\" decoding=\"async\" width=\"150\" height=\"150\" src=\"https:\/\/www.kargowa-kajaki.pl\/wp-content\/uploads\/2009\/08\/Obrzyca-7-150x150.jpg\" class=\"attachment-thumbnail size-thumbnail\" alt=\"\" \/><\/a>\n\t\t\t<\/dt><\/dl><dl class='gallery-item'>\n\t\t\t<dt class='gallery-icon landscape'>\n\t\t\t\t<a href='https:\/\/www.kargowa-kajaki.pl\/wp-content\/uploads\/2009\/08\/Obrzyca-81.jpg'><img loading=\"lazy\" decoding=\"async\" width=\"150\" height=\"150\" src=\"https:\/\/www.kargowa-kajaki.pl\/wp-content\/uploads\/2009\/08\/Obrzyca-81-150x150.jpg\" class=\"attachment-thumbnail size-thumbnail\" alt=\"\" \/><\/a>\n\t\t\t<\/dt><\/dl><br style=\"clear: both\" \/><dl class='gallery-item'>\n\t\t\t<dt class='gallery-icon landscape'>\n\t\t\t\t<a href='https:\/\/www.kargowa-kajaki.pl\/wp-content\/uploads\/2009\/08\/Obrzyca-101.jpg'><img loading=\"lazy\" decoding=\"async\" width=\"150\" height=\"150\" src=\"https:\/\/www.kargowa-kajaki.pl\/wp-content\/uploads\/2009\/08\/Obrzyca-101-150x150.jpg\" class=\"attachment-thumbnail size-thumbnail\" alt=\"\" \/><\/a>\n\t\t\t<\/dt><\/dl><dl class='gallery-item'>\n\t\t\t<dt class='gallery-icon landscape'>\n\t\t\t\t<a href='https:\/\/www.kargowa-kajaki.pl\/wp-content\/uploads\/2009\/08\/Obrzyca-111.jpg'><img loading=\"lazy\" decoding=\"async\" width=\"150\" height=\"150\" src=\"https:\/\/www.kargowa-kajaki.pl\/wp-content\/uploads\/2009\/08\/Obrzyca-111-150x150.jpg\" class=\"attachment-thumbnail size-thumbnail\" alt=\"\" \/><\/a>\n\t\t\t<\/dt><\/dl><dl class='gallery-item'>\n\t\t\t<dt class='gallery-icon landscape'>\n\t\t\t\t<a href='https:\/\/www.kargowa-kajaki.pl\/wp-content\/uploads\/2009\/08\/Obrzyca-121.jpg'><img loading=\"lazy\" decoding=\"async\" width=\"150\" height=\"150\" src=\"https:\/\/www.kargowa-kajaki.pl\/wp-content\/uploads\/2009\/08\/Obrzyca-121-150x150.jpg\" class=\"attachment-thumbnail size-thumbnail\" alt=\"\" \/><\/a>\n\t\t\t<\/dt><\/dl><br style=\"clear: both\" \/><dl class='gallery-item'>\n\t\t\t<dt class='gallery-icon landscape'>\n\t\t\t\t<a href='https:\/\/www.kargowa-kajaki.pl\/wp-content\/uploads\/2009\/08\/Obrzyca-8.jpg'><img loading=\"lazy\" decoding=\"async\" width=\"150\" height=\"150\" src=\"https:\/\/www.kargowa-kajaki.pl\/wp-content\/uploads\/2009\/08\/Obrzyca-8-150x150.jpg\" class=\"attachment-thumbnail size-thumbnail\" alt=\"\" \/><\/a>\n\t\t\t<\/dt><\/dl><dl class='gallery-item'>\n\t\t\t<dt class='gallery-icon landscape'>\n\t\t\t\t<a href='https:\/\/www.kargowa-kajaki.pl\/wp-content\/uploads\/2009\/08\/Obrzyca-9.jpg'><img loading=\"lazy\" decoding=\"async\" width=\"150\" height=\"150\" src=\"https:\/\/www.kargowa-kajaki.pl\/wp-content\/uploads\/2009\/08\/Obrzyca-9-150x150.jpg\" class=\"attachment-thumbnail size-thumbnail\" alt=\"\" \/><\/a>\n\t\t\t<\/dt><\/dl><dl class='gallery-item'>\n\t\t\t<dt class='gallery-icon landscape'>\n\t\t\t\t<a href='https:\/\/www.kargowa-kajaki.pl\/wp-content\/uploads\/2009\/08\/Obrzyca-10.jpg'><img loading=\"lazy\" decoding=\"async\" width=\"150\" height=\"150\" src=\"https:\/\/www.kargowa-kajaki.pl\/wp-content\/uploads\/2009\/08\/Obrzyca-10-150x150.jpg\" class=\"attachment-thumbnail size-thumbnail\" alt=\"\" \/><\/a>\n\t\t\t<\/dt><\/dl><br style=\"clear: both\" \/><dl class='gallery-item'>\n\t\t\t<dt class='gallery-icon landscape'>\n\t\t\t\t<a href='https:\/\/www.kargowa-kajaki.pl\/wp-content\/uploads\/2009\/08\/Obrzyca-5.jpg'><img loading=\"lazy\" decoding=\"async\" width=\"150\" height=\"150\" src=\"https:\/\/www.kargowa-kajaki.pl\/wp-content\/uploads\/2009\/08\/Obrzyca-5-150x150.jpg\" class=\"attachment-thumbnail size-thumbnail\" alt=\"\" \/><\/a>\n\t\t\t<\/dt><\/dl><dl class='gallery-item'>\n\t\t\t<dt class='gallery-icon landscape'>\n\t\t\t\t<a href='https:\/\/www.kargowa-kajaki.pl\/wp-content\/uploads\/2009\/08\/Obrzyca-6.jpg'><img loading=\"lazy\" decoding=\"async\" width=\"150\" height=\"150\" src=\"https:\/\/www.kargowa-kajaki.pl\/wp-content\/uploads\/2009\/08\/Obrzyca-6-150x150.jpg\" class=\"attachment-thumbnail size-thumbnail\" alt=\"\" \/><\/a>\n\t\t\t<\/dt><\/dl><dl class='gallery-item'>\n\t\t\t<dt class='gallery-icon landscape'>\n\t\t\t\t<a href='https:\/\/www.kargowa-kajaki.pl\/wp-content\/uploads\/2009\/08\/Pla\u017ca-w-Kargowej.jpg-2.jpg'><img loading=\"lazy\" decoding=\"async\" width=\"150\" height=\"150\" src=\"https:\/\/www.kargowa-kajaki.pl\/wp-content\/uploads\/2009\/08\/Pla\u017ca-w-Kargowej.jpg-2-150x150.jpg\" class=\"attachment-thumbnail size-thumbnail\" alt=\"\" \/><\/a>\n\t\t\t<\/dt><\/dl><br style=\"clear: both\" \/><dl class='gallery-item'>\n\t\t\t<dt class='gallery-icon landscape'>\n\t\t\t\t<a href='https:\/\/www.kargowa-kajaki.pl\/wp-content\/uploads\/2009\/08\/Pla\u017ca-w-Kargowej.jpg'><img loading=\"lazy\" decoding=\"async\" width=\"150\" height=\"150\" src=\"https:\/\/www.kargowa-kajaki.pl\/wp-content\/uploads\/2009\/08\/Pla\u017ca-w-Kargowej-150x150.jpg\" class=\"attachment-thumbnail size-thumbnail\" alt=\"\" \/><\/a>\n\t\t\t<\/dt><\/dl><dl class='gallery-item'>\n\t\t\t<dt class='gallery-icon landscape'>\n\t\t\t\t<a href='https:\/\/www.kargowa-kajaki.pl\/wp-content\/uploads\/2009\/08\/Obrzyca-1.jpg'><img loading=\"lazy\" decoding=\"async\" width=\"150\" height=\"150\" src=\"https:\/\/www.kargowa-kajaki.pl\/wp-content\/uploads\/2009\/08\/Obrzyca-1-150x150.jpg\" class=\"attachment-thumbnail size-thumbnail\" alt=\"\" \/><\/a>\n\t\t\t<\/dt><\/dl><dl class='gallery-item'>\n\t\t\t<dt class='gallery-icon landscape'>\n\t\t\t\t<a href='https:\/\/www.kargowa-kajaki.pl\/wp-content\/uploads\/2009\/08\/Obrzyca-2.jpg'><img loading=\"lazy\" decoding=\"async\" width=\"150\" height=\"150\" src=\"https:\/\/www.kargowa-kajaki.pl\/wp-content\/uploads\/2009\/08\/Obrzyca-2-150x150.jpg\" class=\"attachment-thumbnail size-thumbnail\" alt=\"\" \/><\/a>\n\t\t\t<\/dt><\/dl><br style=\"clear: both\" \/><dl class='gallery-item'>\n\t\t\t<dt class='gallery-icon landscape'>\n\t\t\t\t<a href='https:\/\/www.kargowa-kajaki.pl\/wp-content\/uploads\/2009\/08\/Obrzyca-3.jpg'><img loading=\"lazy\" decoding=\"async\" width=\"150\" height=\"150\" src=\"https:\/\/www.kargowa-kajaki.pl\/wp-content\/uploads\/2009\/08\/Obrzyca-3-150x150.jpg\" class=\"attachment-thumbnail size-thumbnail\" alt=\"\" \/><\/a>\n\t\t\t<\/dt><\/dl><dl class='gallery-item'>\n\t\t\t<dt class='gallery-icon landscape'>\n\t\t\t\t<a href='https:\/\/www.kargowa-kajaki.pl\/wp-content\/uploads\/2009\/08\/Obrzyca-11.jpg'><img loading=\"lazy\" decoding=\"async\" width=\"150\" height=\"150\" src=\"https:\/\/www.kargowa-kajaki.pl\/wp-content\/uploads\/2009\/08\/Obrzyca-11-150x150.jpg\" class=\"attachment-thumbnail size-thumbnail\" alt=\"\" \/><\/a>\n\t\t\t<\/dt><\/dl><dl class='gallery-item'>\n\t\t\t<dt class='gallery-icon landscape'>\n\t\t\t\t<a href='https:\/\/www.kargowa-kajaki.pl\/wp-content\/uploads\/2009\/08\/Obrzyca-12.jpg'><img loading=\"lazy\" decoding=\"async\" width=\"150\" height=\"150\" src=\"https:\/\/www.kargowa-kajaki.pl\/wp-content\/uploads\/2009\/08\/Obrzyca-12-150x150.jpg\" class=\"attachment-thumbnail size-thumbnail\" alt=\"\" \/><\/a>\n\t\t\t<\/dt><\/dl><br style=\"clear: both\" \/><dl class='gallery-item'>\n\t\t\t<dt class='gallery-icon landscape'>\n\t\t\t\t<a href='https:\/\/www.kargowa-kajaki.pl\/wp-content\/uploads\/2009\/08\/Obrzyca-13.jpg'><img loading=\"lazy\" decoding=\"async\" width=\"150\" height=\"150\" src=\"https:\/\/www.kargowa-kajaki.pl\/wp-content\/uploads\/2009\/08\/Obrzyca-13-150x150.jpg\" class=\"attachment-thumbnail size-thumbnail\" alt=\"\" \/><\/a>\n\t\t\t<\/dt><\/dl><dl class='gallery-item'>\n\t\t\t<dt class='gallery-icon landscape'>\n\t\t\t\t<a href='https:\/\/www.kargowa-kajaki.pl\/wp-content\/uploads\/2009\/08\/Obrzyca-4.jpg'><img loading=\"lazy\" decoding=\"async\" width=\"150\" height=\"150\" src=\"https:\/\/www.kargowa-kajaki.pl\/wp-content\/uploads\/2009\/08\/Obrzyca-4-150x150.jpg\" class=\"attachment-thumbnail size-thumbnail\" alt=\"\" \/><\/a>\n\t\t\t<\/dt><\/dl><dl class='gallery-item'>\n\t\t\t<dt class='gallery-icon landscape'>\n\t\t\t\t<a href='https:\/\/www.kargowa-kajaki.pl\/wp-content\/uploads\/2009\/08\/Obrzyca-14.jpg'><img loading=\"lazy\" decoding=\"async\" width=\"150\" height=\"150\" src=\"https:\/\/www.kargowa-kajaki.pl\/wp-content\/uploads\/2009\/08\/Obrzyca-14-150x150.jpg\" class=\"attachment-thumbnail size-thumbnail\" alt=\"\" \/><\/a>\n\t\t\t<\/dt><\/dl><br style=\"clear: both\" \/>\n\t\t<\/div>\n\n<p>Po wyp\u0142yni\u0119ciu z lasu rzeka przyjmuje charakter \u0142\u0105kowy. Szeroka dolina, leniwy nurt, liczne meandry i obfita ro\u015blinno\u015b\u0107 wodna towarzysz\u0105 nam do pierwszego i jedynego jeziora na szlaku. Nie napotkamy \u017cadnych przeszk\u00f3d a\u017c do Jesiony. W Jesionie jaz wymagaj\u0105cy przeniesienia kajak\u00f3w praw\u0105 stron\u0105 (30 m). Przy wp\u0142ywie na Jez. Rudno (J.Orchowe) utrudnienie w postaci naniesionego przez rzek\u0119 mu\u0142u. Nad jeziorem du\u017co dobrych miejsc do biwakowania (pla\u017ca w U\u015bciu, o\u015brodki wypoczynkowe w Rudnie,hotel Tanzanit w Jesionce, p\u00f3\u0142wysep). W miejscowo\u015bci Rudno uj\u015bcie Po\u0142udniowego Kana\u0142u Obry, kt\u00f3rym mo\u017cna dop\u0142yn\u0105\u0107 do Szlaku Konwaliowego w gminie Przem\u0119t. Od wyp\u0142ywu z jeziora rzeka p\u0142ynie szerokim korytem i nadal meandruje a\u017c do jazu we wsi U\u015bcie. Przenosimy kajaki z lewej strony lub sp\u0142awiamy. Od jazu rzeka ma charakter uregulowany. Obwa\u0142owanie po obu stronach rzeki a\u017c do Smolna Wielkiego. Pomimo tego jest to najciekawszy odcinek Obrzycy. Brzegi poro\u015bni\u0119te lasem mieszanym, liczne zakr\u0119ty i nieco szybszy nurt sprawia p\u0142yni\u0119cie bardzo przyjemnym. W odleg\u0142o\u015bci ok. 1,5 km od jazu w U\u015bciu, po prawej stronie na pierwszym zakr\u0119cie zastawka, a za ni\u0105 Kana\u0142 D\u017awi\u0144ski. Kana\u0142em o d\u0142. 6 km mo\u017cemy dop\u0142yn\u0105\u0107 do Kopanicy sk\u0105d bierze pocz\u0105tek popularny szlak kajakowy Lubuski Szlak Kajakowy. Kana\u0142 jest do przep\u0142yni\u0119cia przy wy\u017cszym stanie wody w Obrzycy.<\/p>\n<p>W Kargowej po prawej stronie za mostem drogowym Kargowa &#8211; Karszyn, dobre miejsce na biwak. Kolejny jaz przed mostem drogowym Kargowa -Klenica. Przenosimy praw\u0105 stron\u0105 za most drogowy lub sp\u0142ywamy (w zale\u017cno\u015bci od stanu wody). W Chwalimiu kolejny jaz i mo\u017cliwa przenoska. Za wsi\u0105\u00a0 wp\u0142ywamy w szerok\u0105 dolin\u0119. Las si\u0119 oddala, wok\u00f3\u0142 \u0142\u0105ki, nurt leniwy. Przed Smolnem Wielkim najwi\u0119kszy dop\u0142yw Obrzycy &#8211; Leniwa Obra, kt\u00f3r\u0105 mo\u017cna dop\u0142yn\u0105\u0107 do Babimostu. Jeszcze w Smolnie Wielkim do pokonania jaz (przenoska z prawej) i przed nami 2 godziny pe\u0142nego relaksu. Warto podziwia\u0107 pi\u0119kne widoki. Po lewej stronie linia las\u00f3w a po prawej a\u017c do Cigacic pi\u0119kne wzg\u00f3rza morenowe, gdzie zn\u00f3w powr\u00f3cono do upraw winoro\u015bli. Przed wp\u0142yni\u0119ciem na Odr\u0119 czeka wodniak\u00f3w trudna przenoska prze zapor\u0119 przeciwpowodziow\u0105 w G\u0142uchowie. Przenosi\u0107 z prawej strony. Ostatni odcinek to szeroki kana\u0142, kt\u00f3rym Obrzyca miesza wody z rzek\u0105 Odr\u0105. Po wp\u0142yni\u0119ciu na Odr\u0119 szybki nurt niesie kajaki w kierunku Cigacic. Mijamy dwa mosty drogowe. Za drugim mostem po prawej mo\u017cna l\u0105dowa\u0107 przy przystani motorowodnej, lub p\u0142yn\u0105\u0107 1 km dalej i wp\u0142yn\u0105\u0107 do portu rzecznego w Cigacicach.<\/p>\n<p>Opis szlaku<\/p>\n<p>\u2022 km 47.0 <strong> Lubiat\u00f3w<\/strong> \u2013 start za mostem drogowym (p.)<\/p>\n<p>\u2022 km 41,7 <strong>Konotop<\/strong> \u2013 drewniany most przy starym m\u0142ynie<\/p>\n<p align=\"LEFT\">\u2022 km 41,0 <strong>Konotop<\/strong> \u2013 most drogowy Wolsztyn \u2013 Nowa S\u00f3l i 100 m dalej most kolejowy na nieczynnej linii kolejowej Wolsztyn-G\u0142og\u00f3w.<\/p>\n<p align=\"LEFT\">\u2022 km 40.2 dobre miejsce na biwak za mostem kolejowym za dawn\u0105 dawnej stacji kolejowej (p.)<\/p>\n<p>\u2022 km 36.5 drewniany most na drodze gruntowej Kolsko &#8211; G\u0142uszyca<\/p>\n<p>\u2022 km 34.1 <strong>Jesiona<\/strong> \u2013 most drogowy Kargowa-Kolsko i jaz. Przy zamkni\u0119tym jazie przenosi\u0107 z prawej.<\/p>\n<p>\u2022 km 33,4 pozosta\u0142o\u015bci po drewnianym mo\u015bcie i 500 m dalej uj\u015bcie rzeki do jez. Rudno (j.Orchowe). Przy niskim stanie wody trudno\u015bci z wp\u0142yni\u0119ciem na jezioro z uwagi na du\u017ce zamulenie.<\/p>\n<p>\u2022 km 31,5 szeroki wyp\u0142yw Obrzycy w pobli\u017cu pla\u017cy i pola biwakowego w U\u015bciu.<\/p>\n<p>\u2022 km 29,7 <strong>U\u015bcie<\/strong>, most drewniany ( w pobli\u017cu sklep)<\/p>\n<p>\u2022 km 27,8 wyp\u0142yw Kana\u0142u Bojadelskiego (oddzielony zastawk\u0105)<\/p>\n<p>\u2022 km 26,7 most drogowy przy drodze gruntowej U\u015bcie \u2013 Karszyn i 100 m dalej jaz. Przenosi\u0107 z lewej 30m lub pojedynczo sp\u0142ywa\u0107 (albo sp\u0142awia\u0107 kajaki)<\/p>\n<p>\u2022 km 25,0 wyp\u0142yw Kana\u0142u D\u017awi\u0144skiego (kana\u0142 obecnie jest oczyszczany z ro\u015blinno\u015bci nabrze\u017cnej i odmulane jest dno \u2013 istnieje mo\u017cliwo\u015b\u0107 przy wy\u017cszym stanie wody w Obrzycy przep\u0142yni\u0119cia do szlaku Obry w Kopanicy).<\/p>\n<p>\u2022 km 20,9 <strong>Kargowa<\/strong>, most drogowy Kargowa \u2013 Karszyn (po prawej 200 m za mostem b.dobre miejsce na biwak. Do dyspozycji wodniak\u00f3w pole biwakowe, wiaty turystyczne, boisko do pi\u0142ki pla\u017cowej, miejsce na ognisko i na razie wszystko to gratis.<\/p>\n<p>\u2022 km 20,0 <strong>Kargowa,<\/strong> most drogowy Kargowa \u2013 Klenica oraz jaz. Niemal zawsze jest do sp\u0142yni\u0119cia.<\/p>\n<p>\u2022 km 19,1 <strong>Kargowa<\/strong>, most kolejowy na nieczynnej linii nr 357 Sulech\u00f3w \u2013 Wolsztyn.<\/p>\n<p>\u2022 km 17,0 <strong>Chwalim<\/strong>, most drogowy<\/p>\n<p>\u2022 km 16,0 <strong>Chwalim<\/strong>, jaz i drewniany most. Przy zamkni\u0119tym jazie przenosi\u0107 z prawej.<\/p>\n<p>\u2022 km 14,7 uj\u015bcie rzeki Obry Leniwej ( szlak kajakowy do Babimostu).<\/p>\n<p>\u2022 km 13,6 <strong>Smolno Wielkie<\/strong>, most drogowy i jaz. Przy zamkni\u0119tym jazie przenosi\u0107 z prawej 20 m.<\/p>\n<p>\u2022 km 12,6 <strong>Smolno Wielkie<\/strong>, most kolejowy na nieczynnej linii Sulech\u00f3w \u2013 Wolsztyn. Przed mostem po lewej dobre miejsce na odpoczynek.<\/p>\n<p>\u2022 km 10,1 <strong>Ostrzyce<\/strong>, drewniany mostek na drodze Ostrzyce \u2013 Podleg\u00f3rz.<\/p>\n<p>\u2022 km 8,4 uj\u015bcie Kana\u0142u Obrzyckiego (l)<\/p>\n<p>\u2022 km 7,8 <strong>Podleg\u00f3rz<\/strong>, most drogowy ( w pobli\u017cu sklep z ostatni\u0105 mo\u017cliwo\u015bci\u0105 zaopatrzenia do ko\u0144ca szlaku)<\/p>\n<p>\u2022 km 6,3 <strong>Radowice<\/strong>, most drogowy<\/p>\n<p>\u2022 km 4,7 <strong>Sadowa<\/strong>, most kolejowy na nieistniej\u0105cej linii kolejowej Sulech\u00f3w &#8211; G\u0142og\u00f3w<\/p>\n<p>\u2022km 4,3 <strong>G\u0142uch\u00f3w<\/strong> (Sadowa), most drogowy i pot\u0119\u017cny jaz odgradzaj\u0105cy od Odry Kotlin\u0119 Kargowsk\u0105. Przenosi\u0107 z prawej 30 &#8211; 50 m.<\/p>\n<p>\u2022 km 2,2 <strong>G\u00f3rzykowo<\/strong>, uj\u015bcie Obrzycy do Odry<\/p>\n<p>\u2022 km 1,3 most na drodze krajowej S3<\/p>\n<p>\u2022 km 0,4 <strong>Cigacice<\/strong>, stary most drogowy<\/p>\n<p>\u2022 km 0,0 zako\u0144czenie sp\u0142ywu na przystani motorowodnej (p). mo\u017cna p\u0142yn\u0105\u0107 1 km dalej do portu rzecznego Cigacice<\/p>\n<p>&nbsp;<\/p>\n<p>Przewidywany czas sp\u0142ywu<\/p>\n<p>Lubiat\u00f3w \u2013 Konotop 2- 3 godz.<\/p>\n<p>Konotop \u2013 Jesionka 1-2 godz.<\/p>\n<p>Jesionka \u2013 Kargowa 2-3 godz.<\/p>\n<p>Kargowa \u2013 Podleg\u00f3rz 4 godz.<\/p>\n<p>Kargowa \u2013 Cigacice 5 -6 godz.<\/p>\n<p style=\"margin-bottom: 0cm;\">tekst i zdj\u0119cia &#8211; Jerzy Jaszczak<\/p>\n<p style=\"margin-bottom: 0cm;\">\n","protected":false},"excerpt":{"rendered":"<p>OBRZYCA<\/p>\n","protected":false},"author":2,"featured_media":0,"parent":7,"menu_order":1,"comment_status":"closed","ping_status":"closed","template":"","meta":{"ngg_post_thumbnail":0,"footnotes":""},"class_list":["post-214","page","type-page","status-publish","hentry"],"_links":{"self":[{"href":"https:\/\/www.kargowa-kajaki.pl\/index.php?rest_route=\/wp\/v2\/pages\/214","targetHints":{"allow":["GET"]}}],"collection":[{"href":"https:\/\/www.kargowa-kajaki.pl\/index.php?rest_route=\/wp\/v2\/pages"}],"about":[{"href":"https:\/\/www.kargowa-kajaki.pl\/index.php?rest_route=\/wp\/v2\/types\/page"}],"author":[{"embeddable":true,"href":"https:\/\/www.kargowa-kajaki.pl\/index.php?rest_route=\/wp\/v2\/users\/2"}],"replies":[{"embeddable":true,"href":"https:\/\/www.kargowa-kajaki.pl\/index.php?rest_route=%2Fwp%2Fv2%2Fcomments&post=214"}],"version-history":[{"count":42,"href":"https:\/\/www.kargowa-kajaki.pl\/index.php?rest_route=\/wp\/v2\/pages\/214\/revisions"}],"predecessor-version":[{"id":230,"href":"https:\/\/www.kargowa-kajaki.pl\/index.php?rest_route=\/wp\/v2\/pages\/214\/revisions\/230"}],"up":[{"embeddable":true,"href":"https:\/\/www.kargowa-kajaki.pl\/index.php?rest_route=\/wp\/v2\/pages\/7"}],"wp:attachment":[{"href":"https:\/\/www.kargowa-kajaki.pl\/index.php?rest_route=%2Fwp%2Fv2%2Fmedia&parent=214"}],"curies":[{"name":"wp","href":"https:\/\/api.w.org\/{rel}","templated":true}]}}